{"id":664,"date":"2024-02-08T17:06:24","date_gmt":"2024-02-08T17:06:24","guid":{"rendered":"https:\/\/polaris.googlebuho.com\/?post_type=product&#038;p=664"},"modified":"2024-12-20T18:43:35","modified_gmt":"2024-12-20T18:43:35","slug":"clases-teoria-musical-guitarra-piano","status":"publish","type":"product","link":"https:\/\/polaris-education.net\/es\/producto\/personalized-music-theory-guitar-piano-lessons\/","title":{"rendered":"TUTOR\u00cdA PERSONALIZADA"},"content":{"rendered":"<p class=\"p1\" style=\"text-align: center;\"><strong>\u00bfNecesitas ayuda con teor\u00eda musical, composici\u00f3n, entrenamiento del o\u00eddo o asignaciones de producci\u00f3n musical? <\/strong><\/p>\n<p class=\"p1\" style=\"text-align: center;\"><strong>Nuestros tutores te brindar\u00e1n orientaci\u00f3n, independientemente de tu nivel.<\/strong><\/p>\n<p>&nbsp;<\/p>\n<p class=\"p1\" style=\"text-align: center;\">En la academia, comprendemos tus desaf\u00edos individuales al navegar por el mundo de la educaci\u00f3n musical, ya sea al buscar dominar un instrumento o al adentrarte en las complejidades de la creaci\u00f3n de tus producciones.<\/p>\n<p style=\"text-align: center;\">&#8211;<\/p>\n<p>&nbsp;<\/p>\n<p class=\"p1\"><strong><span style=\"border-image: initial; border: 0px solid white; border-radius: 5px;\">\u00bfPOR QU\u00c9 ELEGIR LAS TUTOR\u00cdAS PERSONALIZADAS DE POLARIS EDUCATION?\u00a0 \u00a0\u00a0<\/span><\/strong><\/p>\n<p>&nbsp;<\/p>\n<p class=\"p1\" style=\"text-align: center;\"><strong>Una experiencia de aprendizaje que se adapta a TUS necesidades<\/strong><\/p>\n<p class=\"p1\" style=\"text-align: center;\">Reconocemos que cada estudiante es \u00fanico. Es por eso que priorizamos las tutor\u00edas personalizadas. Nuestros instructores experimentados trabajan estrechamente contigo para comprender tus necesidades espec\u00edficas, tu estilo de aprendizaje y tus objetivos. Este enfoque asegura que recibas la orientaci\u00f3n y el apoyo necesarios para destacar en tus estudios de m\u00fasica o en tus proyectos de producci\u00f3n musical.<\/p>\n<p>&nbsp;<\/p>\n<p class=\"p1\" style=\"text-align: center;\"><strong>Soporte a estudiantes de nivel Universitario y Escolar<\/strong><\/p>\n<p class=\"p1\" style=\"text-align: center;\">\u00bfTe sientes abrumado por las asignaciones y proyectos requeridos por tu universidad o escuela de m\u00fasica?<\/p>\n<p class=\"p1\" style=\"text-align: center;\">Polaris te ofrece tutores expertos para ayudarte a superar los desaf\u00edos y asegurar tu \u00e9xito. Ya sea\nque est\u00e9s trabajando en una tarea de Teor\u00eda Musical, perfeccionando tus habilidades\ninstrumentales o adentr\u00e1ndote en el mundo de la Producci\u00f3n Musical, \u00a1estamos aqu\u00ed para\nayudarte!<\/p>\n<p>&nbsp;<\/p>\n<p class=\"p1\" style=\"text-align: center;\"><strong>Educaci\u00f3n Musical Integral<\/strong><\/p>\n<p class=\"p1\" style=\"text-align: center;\">Ya seas principiante o estudiante avanzado, Polaris Education te ofrece una amplia gama de cursos para satisfacer tus necesidades.<\/p>\n<p class=\"p1\" style=\"text-align: center;\">Desde dominar instrumentos hasta explorar nuevas t\u00e9cnicas de producci\u00f3n musical, te brindamos una preparaci\u00f3n integral para el \u00e9xito en el din\u00e1mico mundo de la m\u00fasica.<\/p>\n<p>&nbsp;<\/p>\n<p class=\"p1\" style=\"text-align: center;\"><strong>Plataforma de Aprendizaje en L\u00ednea de \u00daltima Generaci\u00f3n<\/strong><\/p>\n<p class=\"p1\" style=\"text-align: center;\">Nuestra plataforma 100% interactiva y asistida por IA (Inteligencia Artificial) durante las clases con tu instructor y luego en tus materiales de estudio, te garantiza una experiencia de aprendizaje insuperable.<\/p>\n<p>&nbsp;<\/p>\n<p class=\"p1\" style=\"text-align: center;\"><strong>Consigamos juntos tus objetivos en el aprendizaje musical<\/strong><\/p>\n<p class=\"p1\" style=\"text-align: center;\">Ya seas un entusiasta de la m\u00fasica o un estudiante que busca obtener un t\u00edtulo, estamos aqu\u00ed para apoyarte en tu viaje. Perm\u00edtenos guiarte a trav\u00e9s de las complejidades de la m\u00fasica y su producci\u00f3n, ayud\u00e1ndote a alcanzar tus objetivos acad\u00e9micos y art\u00edsticos.<\/p>\n<p>&nbsp;<\/p>\n<p class=\"p1\" style=\"text-align: center;\"><strong>\u00a1Entra a Polaris Education y sorpr\u00e9ndete con tus posibilidades de creaci\u00f3n musical!<\/strong><\/p>\n<p style=\"text-align: center;\">&#8211;<\/p>\n<p>&nbsp;<\/p>\n<p style=\"text-align: center;\"><strong><span style=\"border-image: initial; border: 1px solid white; border-radius: 5px;\">\u00a0 \u00a0 TUS SESIONES DE TUTOR\u00cdA PERSONALIZADA INCLUYEN...\u00a0 \u00a0\u00a0<\/span><\/strong><\/p>\n<p>\u2022 <strong>Visualizaci\u00f3n en tiempo real de<\/strong>:<\/p>\n<ul>\n<li style=\"list-style-type: none;\">\n<ul>\n<li>ActivePiano\u2122 y ActiveFretboard\u2122 : gr\u00e1ficos para cada explicaci\u00f3n, EN TIEMPO REAL.<\/li>\n<li>Cifrados: te se\u00f1ala qu\u00e9 notas\/acordes te explica tu instructor.<\/li>\n<li>Diagramas para explicaci\u00f3n instant\u00e1nea:  tu \"mapa\" musical, en tiempo real.<\/li>\n<li>Anotaciones en pantalla para una mejor memorizaci\u00f3n de la lecci\u00f3n.<\/li>\n<\/ul>\n<\/li>\n<\/ul>\n<p>&nbsp;<\/p>\n<p>\u2022 <strong>Streaming de audio directo en resoluci\u00f3n de 32 bits, durante tu clase.<\/strong><\/p>\n<p>&nbsp;<\/p>\n<hr \/>\n<p>&nbsp;<\/p>\n<p style=\"text-align: center;\"><strong><span style=\"border-image: initial; border: 1px solid white; border-radius: 5px;\">\u00a0 \u00a0 \u00a0LUEGO DE TU CLASE, RECIBIR\u00c1S TUS MATERIALES PERSONALIZADOS PARA...\u00a0 \u00a0 \u00a0<\/span><\/strong><\/p>\n<p>&nbsp;<\/p>\n<p><strong>\u2022 Estudiar<\/strong><\/p>\n<ul>\n<li style=\"list-style-type: none;\">\n<ul>\n<li>Resumen de tu clase en video de alta resoluci\u00f3n (HD 1080p)<\/li>\n<li>Contenidos de tu lecci\u00f3n en formato Guitar Pro\u2122 \/ Keys Pro\u2122 *<\/li>\n<li>Material gr\u00e1fico en formato PDF<\/li>\n<\/ul>\n<\/li>\n<\/ul>\n<p>&nbsp;<\/p>\n<p>\u2022 <strong>Practicar<\/strong><\/p>\n<ul>\n<li style=\"list-style-type: none;\">\n<ul>\n<li>Archivos de pr\u00e1ctica para abrir en tu software \/ DAW (Logic Pro\u2122, Ableton\u2122 Live, Cockos Reaper\u2122)<\/li>\n<li>Pistas de pr\u00e1ctica<span style=\"font-size: small;\"> ( formato: Band-In-A-Box\u2122 )<\/span><\/li>\n<\/ul>\n<\/li>\n<\/ul>\n<p>&nbsp;<\/p>\n<p>\u2022 <strong>Material 100% interactivo para tus asignaciones + autoevaluaci\u00f3n<\/strong><\/p>\n<ul>\n<li style=\"list-style-type: none;\">\n<ul>\n<li>Ejercicio personalizado sobre tu lecci\u00f3n <span style=\"font-size: small;\">(formatos: Guitar Pro\u2122 \/ Keys Pro\u2122: * )<\/span><\/li>\n<\/ul>\n<\/li>\n<\/ul>\n<ul>\n<li style=\"list-style-type: none;\">\n<ul>\n<li>Ejercicios para entrenamiento del o\u00eddo, basados en tu clase <span style=\"font-size: small;\">(en tu perfil personal de EarMaster\u2122 Cloud 7) *<\/span><\/li>\n<\/ul>\n<\/li>\n<\/ul>\n<p>&nbsp;<\/p>\n<p><span style=\"font-size: small;\"> * Tus licencias educativas de Guitar Pro\u2122 \/ Keys Pro\u2122 \/ EarMaster\u2122 est\u00e1n incluidas en tu curso.<\/span><\/p>\n<p>&nbsp;<\/p>\n<hr \/>\n<p>&nbsp;<\/p>","protected":false},"excerpt":{"rendered":"<p>\u00bfTe preocupa la dificultad de las tareas y proyectos requeridos por tu universidad o escuela de m\u00fasica?<\/p>\n<p>\u00a1ESTE ES EL APOYO QUE NECESITAS!<\/p>","protected":false},"featured_media":0,"comment_status":"open","ping_status":"closed","template":"","meta":{"_acf_changed":false},"product_brand":[],"product_cat":[74],"product_tag":[],"class_list":{"0":"post-664","1":"product","2":"type-product","3":"status-publish","5":"product_cat-custom-tutoring","7":"first","8":"instock","9":"shipping-taxable","10":"product-type-simple"},"acf":[],"yoast_head":"<!-- This site is optimized with the Yoast SEO plugin v27.5 - https:\/\/yoast.com\/product\/yoast-seo-wordpress\/ -->\n<title>Top online music teachers help you complete your assignments!<\/title>\n<meta name=\"description\" content=\"Need help with music theory, songwriting, ear training or music production assignments? Our expert tutors provide guidance for students of all levels.\" \/>\n<meta name=\"robots\" content=\"index, follow, max-snippet:-1, max-image-preview:large, max-video-preview:-1\" \/>\n<link rel=\"canonical\" href=\"https:\/\/polaris-education.net\/es\/producto-2\/clases-teoria-musical-guitarra-piano\/\" \/>\n<meta property=\"og:locale\" content=\"es_ES\" \/>\n<meta property=\"og:type\" content=\"article\" \/>\n<meta property=\"og:title\" content=\"Top online music teachers help you complete your assignments!\" \/>\n<meta property=\"og:description\" content=\"Need help with music theory, songwriting, ear training or music production assignments? Our expert tutors provide guidance for students of all levels.\" \/>\n<meta property=\"og:url\" content=\"https:\/\/polaris-education.net\/es\/producto-2\/clases-teoria-musical-guitarra-piano\/\" \/>\n<meta property=\"og:site_name\" content=\"Polaris Education\" \/>\n<meta property=\"article:modified_time\" content=\"2024-12-20T18:43:35+00:00\" \/>\n<meta name=\"twitter:card\" content=\"summary_large_image\" \/>\n<meta name=\"twitter:label1\" content=\"Tiempo de lectura\" \/>\n\t<meta name=\"twitter:data1\" content=\"3 minutos\" \/>\n<script type=\"application\/ld+json\" class=\"yoast-schema-graph\">{\"@context\":\"https:\\\/\\\/schema.org\",\"@graph\":[{\"@type\":\"WebPage\",\"@id\":\"https:\\\/\\\/polaris-education.net\\\/producto\\\/personalized-music-theory-guitar-piano-lessons\\\/\",\"url\":\"https:\\\/\\\/polaris-education.net\\\/producto\\\/personalized-music-theory-guitar-piano-lessons\\\/\",\"name\":\"Top online music teachers help you complete your assignments!\",\"isPartOf\":{\"@id\":\"https:\\\/\\\/polaris-education.net\\\/#website\"},\"datePublished\":\"2024-02-08T17:06:24+00:00\",\"dateModified\":\"2024-12-20T18:43:35+00:00\",\"description\":\"Need help with music theory, songwriting, ear training or music production assignments? Our expert tutors provide guidance for students of all levels.\",\"breadcrumb\":{\"@id\":\"https:\\\/\\\/polaris-education.net\\\/producto\\\/personalized-music-theory-guitar-piano-lessons\\\/#breadcrumb\"},\"inLanguage\":\"es\",\"potentialAction\":[{\"@type\":\"ReadAction\",\"target\":[\"https:\\\/\\\/polaris-education.net\\\/producto\\\/personalized-music-theory-guitar-piano-lessons\\\/\"]}]},{\"@type\":\"BreadcrumbList\",\"@id\":\"https:\\\/\\\/polaris-education.net\\\/producto\\\/personalized-music-theory-guitar-piano-lessons\\\/#breadcrumb\",\"itemListElement\":[{\"@type\":\"ListItem\",\"position\":1,\"name\":\"Home\",\"item\":\"https:\\\/\\\/polaris-education.net\\\/\"},{\"@type\":\"ListItem\",\"position\":2,\"name\":\"Tienda\",\"item\":\"https:\\\/\\\/polaris-education.net\\\/tienda\\\/\"},{\"@type\":\"ListItem\",\"position\":3,\"name\":\"CUSTOM TUTORING\"}]},{\"@type\":\"WebSite\",\"@id\":\"https:\\\/\\\/polaris-education.net\\\/#website\",\"url\":\"https:\\\/\\\/polaris-education.net\\\/\",\"name\":\"Polaris Education\",\"description\":\"Modern Training for Musical Creation\",\"publisher\":{\"@id\":\"https:\\\/\\\/polaris-education.net\\\/#organization\"},\"potentialAction\":[{\"@type\":\"SearchAction\",\"target\":{\"@type\":\"EntryPoint\",\"urlTemplate\":\"https:\\\/\\\/polaris-education.net\\\/?s={search_term_string}\"},\"query-input\":{\"@type\":\"PropertyValueSpecification\",\"valueRequired\":true,\"valueName\":\"search_term_string\"}}],\"inLanguage\":\"es\"},{\"@type\":\"Organization\",\"@id\":\"https:\\\/\\\/polaris-education.net\\\/#organization\",\"name\":\"Polaris Education\",\"url\":\"https:\\\/\\\/polaris-education.net\\\/\",\"logo\":{\"@type\":\"ImageObject\",\"inLanguage\":\"es\",\"@id\":\"https:\\\/\\\/polaris-education.net\\\/#\\\/schema\\\/logo\\\/image\\\/\",\"url\":\"https:\\\/\\\/polaris-education.net\\\/wp-content\\\/uploads\\\/2024\\\/11\\\/Polaris-Education-Gray-Only-Iso-SMALL.png\",\"contentUrl\":\"https:\\\/\\\/polaris-education.net\\\/wp-content\\\/uploads\\\/2024\\\/11\\\/Polaris-Education-Gray-Only-Iso-SMALL.png\",\"width\":200,\"height\":311,\"caption\":\"Polaris Education\"},\"image\":{\"@id\":\"https:\\\/\\\/polaris-education.net\\\/#\\\/schema\\\/logo\\\/image\\\/\"},\"sameAs\":[\"https:\\\/\\\/www.instagram.com\\\/polaris.education\\\/\",\"https:\\\/\\\/www.youtube.com\\\/channel\\\/UCtUfE4kJqANNnk9GqZtslkg\"]}]}<\/script>\n<!-- \/ Yoast SEO plugin. -->","yoast_head_json":{"title":"\u00a1Los mejores profesores de m\u00fasica en l\u00ednea te ayudan a completar tus tareas!","description":"\u00bfNecesitas ayuda con la teor\u00eda musical, la composici\u00f3n o el entrenamiento del o\u00eddo? Nuestros  tutores expertos ofrecen orientaci\u00f3n a estudiantes de todos los niveles.","robots":{"index":"index","follow":"follow","max-snippet":"max-snippet:-1","max-image-preview":"max-image-preview:large","max-video-preview":"max-video-preview:-1"},"canonical":"https:\/\/polaris-education.net\/es\/producto-2\/clases-teoria-musical-guitarra-piano\/","og_locale":"es_ES","og_type":"article","og_title":"Top online music teachers help you complete your assignments!","og_description":"Need help with music theory, songwriting, ear training or music production assignments? Our expert tutors provide guidance for students of all levels.","og_url":"https:\/\/polaris-education.net\/es\/producto-2\/clases-teoria-musical-guitarra-piano\/","og_site_name":"Polaris Education","article_modified_time":"2024-12-20T18:43:35+00:00","twitter_card":"summary_large_image","twitter_misc":{"Tiempo de lectura":"3 minutos"},"schema":{"@context":"https:\/\/schema.org","@graph":[{"@type":"WebPage","@id":"https:\/\/polaris-education.net\/producto\/personalized-music-theory-guitar-piano-lessons\/","url":"https:\/\/polaris-education.net\/producto\/personalized-music-theory-guitar-piano-lessons\/","name":"\u00a1Los mejores profesores de m\u00fasica en l\u00ednea te ayudan a completar tus tareas!","isPartOf":{"@id":"https:\/\/polaris-education.net\/#website"},"datePublished":"2024-02-08T17:06:24+00:00","dateModified":"2024-12-20T18:43:35+00:00","description":"\u00bfNecesitas ayuda con la teor\u00eda musical, la composici\u00f3n o el entrenamiento del o\u00eddo? Nuestros  tutores expertos ofrecen orientaci\u00f3n a estudiantes de todos los niveles.","breadcrumb":{"@id":"https:\/\/polaris-education.net\/producto\/personalized-music-theory-guitar-piano-lessons\/#breadcrumb"},"inLanguage":"es","potentialAction":[{"@type":"ReadAction","target":["https:\/\/polaris-education.net\/producto\/personalized-music-theory-guitar-piano-lessons\/"]}]},{"@type":"BreadcrumbList","@id":"https:\/\/polaris-education.net\/producto\/personalized-music-theory-guitar-piano-lessons\/#breadcrumb","itemListElement":[{"@type":"ListItem","position":1,"name":"Home","item":"https:\/\/polaris-education.net\/"},{"@type":"ListItem","position":2,"name":"Tienda","item":"https:\/\/polaris-education.net\/tienda\/"},{"@type":"ListItem","position":3,"name":"CUSTOM TUTORING"}]},{"@type":"WebSite","@id":"https:\/\/polaris-education.net\/#website","url":"https:\/\/polaris-education.net\/","name":"Polaris Education","description":"Entrenamiento Moderno en Creaci\u00f3n Musical","publisher":{"@id":"https:\/\/polaris-education.net\/#organization"},"potentialAction":[{"@type":"SearchAction","target":{"@type":"EntryPoint","urlTemplate":"https:\/\/polaris-education.net\/?s={search_term_string}"},"query-input":{"@type":"PropertyValueSpecification","valueRequired":true,"valueName":"search_term_string"}}],"inLanguage":"es"},{"@type":"Organization","@id":"https:\/\/polaris-education.net\/#organization","name":"Polaris Education","url":"https:\/\/polaris-education.net\/","logo":{"@type":"ImageObject","inLanguage":"es","@id":"https:\/\/polaris-education.net\/#\/schema\/logo\/image\/","url":"https:\/\/polaris-education.net\/wp-content\/uploads\/2024\/11\/Polaris-Education-Gray-Only-Iso-SMALL.png","contentUrl":"https:\/\/polaris-education.net\/wp-content\/uploads\/2024\/11\/Polaris-Education-Gray-Only-Iso-SMALL.png","width":200,"height":311,"caption":"Polaris Education"},"image":{"@id":"https:\/\/polaris-education.net\/#\/schema\/logo\/image\/"},"sameAs":["https:\/\/www.instagram.com\/polaris.education\/","https:\/\/www.youtube.com\/channel\/UCtUfE4kJqANNnk9GqZtslkg"]}]}},"_links":{"self":[{"href":"https:\/\/polaris-education.net\/es\/wp-json\/wp\/v2\/product\/664","targetHints":{"allow":["GET"]}}],"collection":[{"href":"https:\/\/polaris-education.net\/es\/wp-json\/wp\/v2\/product"}],"about":[{"href":"https:\/\/polaris-education.net\/es\/wp-json\/wp\/v2\/types\/product"}],"replies":[{"embeddable":true,"href":"https:\/\/polaris-education.net\/es\/wp-json\/wp\/v2\/comments?post=664"}],"wp:attachment":[{"href":"https:\/\/polaris-education.net\/es\/wp-json\/wp\/v2\/media?parent=664"}],"wp:term":[{"taxonomy":"product_brand","embeddable":true,"href":"https:\/\/polaris-education.net\/es\/wp-json\/wp\/v2\/product_brand?post=664"},{"taxonomy":"product_cat","embeddable":true,"href":"https:\/\/polaris-education.net\/es\/wp-json\/wp\/v2\/product_cat?post=664"},{"taxonomy":"product_tag","embeddable":true,"href":"https:\/\/polaris-education.net\/es\/wp-json\/wp\/v2\/product_tag?post=664"}],"curies":[{"name":"wp","href":"https:\/\/api.w.org\/{rel}","templated":true}]}}