{"id":581,"date":"2024-02-08T14:31:35","date_gmt":"2024-02-08T14:31:35","guid":{"rendered":"https:\/\/polaris.googlebuho.com\/?post_type=product&#038;p=581"},"modified":"2024-12-14T20:36:46","modified_gmt":"2024-12-14T20:36:46","slug":"curso-logic-pro-basico-avanzado","status":"publish","type":"product","link":"https:\/\/polaris-education.net\/es\/producto\/logic-pro-course-basic-to-advanced\/","title":{"rendered":"Training Studio\u00ae Full Courses: Logic Pro\u2122"},"content":{"rendered":"<p style=\"text-align: left;\"><strong><span style=\"color: #3137fd;\"> <span style=\"font-size: 30px;\">Training Studio\u00ae <b>| <\/b>Logic Pro\u2122 <b>|<\/b><\/span><\/span><\/strong><\/p>\n<p><strong><span style=\"border-image: initial; border: 1px solid white; border-radius: 5px;\"> \u00a0 \u00a0 B\u00e1sico \u00a0 \u00a0 <\/span><\/strong><\/p>\n<p><strong>Conociendo Logic Pro\u2122<\/strong><br \/>\n<i class=\"icon icon-music-player\" aria-hidden=\"true\"><\/i> Flujo de trabajo<br \/>\n<i class=\"icon icon-music-player\" aria-hidden=\"true\"><\/i> Creando un nuevo Proyecto<br \/>\n<i class=\"icon icon-music-player\" aria-hidden=\"true\"><\/i> \"Las 15 Herramientas\"<br \/>\n<i class=\"icon icon-music-player\" aria-hidden=\"true\"><\/i> Reproducci\u00f3n y Navegaci\u00f3n<br \/>\n<i class=\"icon icon-music-player\" aria-hidden=\"true\"><\/i> La Biblioteca<\/p>\n<details>\n<summary><u>Ver detalles<\/u><\/summary>\n<p>&nbsp;<\/p>\n<div><i class=\"icon icon-music-player\" aria-hidden=\"true\"><\/i> Tempo, clave y tiempo de comp\u00e1s<\/div>\n<div><i class=\"icon icon-music-player\" aria-hidden=\"true\"><\/i> Pistas<\/div>\n<div><i class=\"icon icon-music-player\" aria-hidden=\"true\"><\/i> Patches<\/div>\n<div><i class=\"icon icon-music-player\" aria-hidden=\"true\"><\/i> Efectos de Audio, pt. 1<\/div>\n<div><i class=\"icon icon-music-player\" aria-hidden=\"true\"><\/i> Ruta de se\u00f1al de Audio, pt. 1<\/div>\n<div><i class=\"icon icon-music-player\" aria-hidden=\"true\"><\/i> Regiones<\/div>\n<div><i class=\"icon icon-music-player\" aria-hidden=\"true\"><\/i> Dise\u00f1o r\u00edtmico:  Drummer<\/div>\n<div><i class=\"icon icon-music-player\" aria-hidden=\"true\"><\/i> Smart Controls<\/div>\n<div><i class=\"icon icon-music-player\" aria-hidden=\"true\"><\/i> Live Loops<\/div>\n<div><i class=\"icon icon-music-player\" aria-hidden=\"true\"><\/i> Mixing in Logic Pro: Intro<\/div>\n<div><i class=\"icon icon-music-player\" aria-hidden=\"true\"><\/i> Apple Loops<\/div>\n<div><i class=\"icon icon-music-player\" aria-hidden=\"true\"><\/i> Smart Tempo<\/div>\n<div><i class=\"icon icon-music-player\" aria-hidden=\"true\"><\/i> Compartir \/ Exportar un proyecto<\/div>\n<div><\/div>\n<\/details>\n<p>&nbsp;<\/p>\n<hr \/>\n<p>&nbsp;<\/p>\n<p><strong><span style=\"border-image: initial; border: 1px solid white; border-radius: 5px;\"> \u00a0 \u00a0 Intermedio \u00a0 \u00a0 <\/span><\/strong><\/p>\n<p><i class=\"icon icon-music-player\" aria-hidden=\"true\"><\/i> \"Las 15 Herramientas\", pt. 2<br \/>\n<i class=\"icon icon-music-player\" aria-hidden=\"true\"><\/i> Conexi\u00f3n de tu hardware<br \/>\n<i class=\"icon icon-music-player\" aria-hidden=\"true\"><\/i> Conectando tu hardware de Audio<br \/>\n<i class=\"icon icon-music-player\" aria-hidden=\"true\"><\/i> Uso de dispositivos MIDI<br \/>\n<i class=\"icon icon-music-player\" aria-hidden=\"true\"><\/i> MIDI Virtual<\/p>\n<details>\n<summary><u>Ver detalles<\/u><\/summary>\n<p>&nbsp;<\/p>\n<div><i class=\"icon icon-music-player\" aria-hidden=\"true\"><\/i> Trabajando en tu archivo de Proyecto<\/div>\n<div><i class=\"icon icon-music-player\" aria-hidden=\"true\"><\/i> Reproducci\u00f3n y Navegaci\u00f3n en el Proyecto, pt. 2<\/div>\n<div><i class=\"icon icon-music-player\" aria-hidden=\"true\"><\/i> Logic Remote<\/div>\n<div><i class=\"icon icon-music-player\" aria-hidden=\"true\"><\/i> La Biblioteca, pt. 2<\/div>\n<div><i class=\"icon icon-music-player\" aria-hidden=\"true\"><\/i> Exportaci\u00f3n de Pistas y Regiones<\/div>\n<div><i class=\"icon icon-music-player\" aria-hidden=\"true\"><\/i> Procesamiento de un elemento seleccionado<\/div>\n<div><i class=\"icon icon-music-player\" aria-hidden=\"true\"><\/i> Mezclador: Pistas \/ Canales \/ Busses (intermedio)<\/div>\n<div><i class=\"icon icon-music-player\" aria-hidden=\"true\"><\/i> Exportaci\u00f3n de Pistas y Regiones: en profundidad<\/div>\n<div><i class=\"icon icon-music-player\" aria-hidden=\"true\"><\/i> Efectos de Audio, pt. 2<\/div>\n<div><i class=\"icon icon-music-player\" aria-hidden=\"true\"><\/i> Ruta de se\u00f1al de Audio, pt. 2<\/div>\n<div><i class=\"icon icon-music-player\" aria-hidden=\"true\"><\/i> Par\u00e1metros de Pista<\/div>\n<div><i class=\"icon icon-music-player\" aria-hidden=\"true\"><\/i> Grabaci\u00f3n de Audio: Introducci\u00f3n<\/div>\n<div><i class=\"icon icon-music-player\" aria-hidden=\"true\"><\/i> Grabaci\u00f3n de MIDI: Introducci\u00f3n<\/div>\n<div><i class=\"icon icon-music-player\" aria-hidden=\"true\"><\/i> Instrumentos Virtuales: en profundidad<\/div>\n<div><i class=\"icon icon-music-player\" aria-hidden=\"true\"><\/i> Grabaci\u00f3n: T\u00e9cnicas avanzadas<\/div>\n<div><i class=\"icon icon-music-player\" aria-hidden=\"true\"><\/i> Uso de loops y formatos especiales<\/div>\n<div><i class=\"icon icon-music-player\" aria-hidden=\"true\"><\/i> Arreglo \/ estructura de tu Proyecto<\/div>\n<div><i class=\"icon icon-music-player\" aria-hidden=\"true\"><\/i> Regiones (avanzado)<\/div>\n<div><i class=\"icon icon-music-player\" aria-hidden=\"true\"><\/i> Fades\/Crossfades<\/div>\n<div><i class=\"icon icon-music-player\" aria-hidden=\"true\"><\/i> Automatizaci\u00f3n:  Intro<\/div>\n<div><\/div>\n<\/details>\n<p>&nbsp;<\/p>\n<hr \/>\n<p>&nbsp;<\/p>\n<p><strong><span style=\"border-image: initial; border: 1px solid white; border-radius: 5px;\"> \u00a0 \u00a0 Avanzado \u00a0 \u00a0 <\/span><\/strong><\/p>\n<p><i class=\"icon icon-music-player\" aria-hidden=\"true\"><\/i> Los Editores<br \/>\n<i class=\"icon icon-music-player\" aria-hidden=\"true\"><\/i> \"Las 15 Herramientas\": Puntos finales<br \/>\n<i class=\"icon icon-music-player\" aria-hidden=\"true\"><\/i> Instrumentos Virtuales: multi-contexto<br \/>\n<i class=\"icon icon-music-player\" aria-hidden=\"true\"><\/i> Varispeed<br \/>\n<i class=\"icon icon-music-player\" aria-hidden=\"true\"><\/i> Flex: manipulaci\u00f3n de Audio El\u00e1stico<\/p>\n<details>\n<summary><u>Ver detalles<\/u><\/summary>\n<p>&nbsp;<\/p>\n<div><i class=\"icon icon-music-player\" aria-hidden=\"true\"><\/i> Flex Time: Los Modos<\/div>\n<div><i class=\"icon icon-music-player\" aria-hidden=\"true\"><\/i> Flex Pitch<\/div>\n<div><i class=\"icon icon-music-player\" aria-hidden=\"true\"><\/i> Efectos de Audio, pt. 3<\/div>\n<div><i class=\"icon icon-music-player\" aria-hidden=\"true\"><\/i> Ruta de se\u00f1al, pt. 3<\/div>\n<div><i class=\"icon icon-music-player\" aria-hidden=\"true\"><\/i> Mezclador: Pistas \/ Canales \/ Busses (avanzado)<\/div>\n<div><i class=\"icon icon-music-player\" aria-hidden=\"true\"><\/i> Asignaci\u00f3n de controladores hardware<\/div>\n<div><i class=\"icon icon-music-player\" aria-hidden=\"true\"><\/i> Automatizaci\u00f3n avanzada<\/div>\n<div><i class=\"icon icon-music-player\" aria-hidden=\"true\"><\/i> Secuenciador de Pasos<\/div>\n<div><i class=\"icon icon-music-player\" aria-hidden=\"true\"><\/i> Pistas Globales<\/div>\n<div><i class=\"icon icon-music-player\" aria-hidden=\"true\"><\/i> Multi-tomas: edici\u00f3n<\/div>\n<div><i class=\"icon icon-music-player\" aria-hidden=\"true\"><\/i> Creando la \"toma perfecta\": Swipe Comping<\/div>\n<div><i class=\"icon icon-music-player\" aria-hidden=\"true\"><\/i> Environment: programaci\u00f3n profunda<\/div>\n<div><i class=\"icon icon-music-player\" aria-hidden=\"true\"><\/i> Mezcla en Logic, pt. 2<\/div>\n<div><i class=\"icon icon-music-player\" aria-hidden=\"true\"><\/i> Mezcla en Logic, pt. 3<\/div>\n<div><i class=\"icon icon-music-player\" aria-hidden=\"true\"><\/i> Masterizaci\u00f3n en Logic<\/div>\n<div><\/div>\n<\/details>\n<p>&nbsp;<\/p>\n<hr \/>\n<p>&nbsp;<\/p>","protected":false},"excerpt":{"rendered":"<p>Training Studio\u00ae | Logic Pro\u2122 | \u00a0 \u00a0 Basic \u00a0 \u00a0 Get started with Logic Pro Workflow overview Projects \u201cThe 15 Tools\u201d Playback and navigation The Library See more &nbsp; Tempo, key, and time signature Tracks Patches Audio effects, pt. 1 Audio signal routing, pt. 1 Arranging regions Drummer Smart Controls Live Loops Mixing in [&hellip;]<\/p>\n","protected":false},"featured_media":4121,"comment_status":"open","ping_status":"closed","template":"","meta":{"_acf_changed":false},"product_brand":[],"product_cat":[20],"product_tag":[],"class_list":{"0":"post-581","1":"product","2":"type-product","3":"status-publish","4":"has-post-thumbnail","6":"product_cat-sin-categorizar","8":"first","9":"instock","10":"shipping-taxable","11":"purchasable","12":"product-type-variable","13":"has-default-attributes"},"acf":[],"yoast_head":"<!-- This site is optimized with the Yoast SEO plugin v27.5 - https:\/\/yoast.com\/product\/yoast-seo-wordpress\/ -->\n<title>Logic Pro | Master the best music production tool: Training Studio<\/title>\n<meta name=\"description\" content=\"Learn Logic Pro with our top-rated online music production courses. Beginner, intermediate and advanced programs available.\" \/>\n<meta name=\"robots\" content=\"index, follow, max-snippet:-1, max-image-preview:large, max-video-preview:-1\" \/>\n<link rel=\"canonical\" href=\"https:\/\/polaris-education.net\/es\/producto-2\/curso-logic-pro-basico-avanzado\/\" \/>\n<meta property=\"og:locale\" content=\"es_ES\" \/>\n<meta property=\"og:type\" content=\"article\" \/>\n<meta property=\"og:title\" content=\"Logic Pro | Master the best music production tool: Training Studio\" \/>\n<meta property=\"og:description\" content=\"Learn Logic Pro with our top-rated online music production courses. Beginner, intermediate and advanced programs available.\" \/>\n<meta property=\"og:url\" content=\"https:\/\/polaris-education.net\/es\/producto-2\/curso-logic-pro-basico-avanzado\/\" \/>\n<meta property=\"og:site_name\" content=\"Polaris Education\" \/>\n<meta property=\"article:modified_time\" content=\"2024-12-14T20:36:46+00:00\" \/>\n<meta property=\"og:image\" content=\"https:\/\/polaris-education.net\/wp-content\/uploads\/2024\/02\/training-studio-product-image.jpg\" \/>\n\t<meta property=\"og:image:width\" content=\"200\" \/>\n\t<meta property=\"og:image:height\" content=\"200\" \/>\n\t<meta property=\"og:image:type\" content=\"image\/jpeg\" \/>\n<meta name=\"twitter:card\" content=\"summary_large_image\" \/>\n<meta name=\"twitter:label1\" content=\"Tiempo de lectura\" \/>\n\t<meta name=\"twitter:data1\" content=\"2 minutos\" \/>\n<script type=\"application\/ld+json\" class=\"yoast-schema-graph\">{\"@context\":\"https:\\\/\\\/schema.org\",\"@graph\":[{\"@type\":\"WebPage\",\"@id\":\"https:\\\/\\\/polaris-education.net\\\/producto\\\/logic-pro-course-basic-to-advanced\\\/\",\"url\":\"https:\\\/\\\/polaris-education.net\\\/producto\\\/logic-pro-course-basic-to-advanced\\\/\",\"name\":\"Logic Pro | Master the best music production tool: Training Studio\",\"isPartOf\":{\"@id\":\"https:\\\/\\\/polaris-education.net\\\/#website\"},\"primaryImageOfPage\":{\"@id\":\"https:\\\/\\\/polaris-education.net\\\/producto\\\/logic-pro-course-basic-to-advanced\\\/#primaryimage\"},\"image\":{\"@id\":\"https:\\\/\\\/polaris-education.net\\\/producto\\\/logic-pro-course-basic-to-advanced\\\/#primaryimage\"},\"thumbnailUrl\":\"https:\\\/\\\/polaris-education.net\\\/wp-content\\\/uploads\\\/2024\\\/02\\\/training-studio-product-image.jpg\",\"datePublished\":\"2024-02-08T14:31:35+00:00\",\"dateModified\":\"2024-12-14T20:36:46+00:00\",\"description\":\"Learn Logic Pro with our top-rated online music production courses. Beginner, intermediate and advanced programs available.\",\"breadcrumb\":{\"@id\":\"https:\\\/\\\/polaris-education.net\\\/producto\\\/logic-pro-course-basic-to-advanced\\\/#breadcrumb\"},\"inLanguage\":\"es\",\"potentialAction\":[{\"@type\":\"ReadAction\",\"target\":[\"https:\\\/\\\/polaris-education.net\\\/producto\\\/logic-pro-course-basic-to-advanced\\\/\"]}]},{\"@type\":\"ImageObject\",\"inLanguage\":\"es\",\"@id\":\"https:\\\/\\\/polaris-education.net\\\/producto\\\/logic-pro-course-basic-to-advanced\\\/#primaryimage\",\"url\":\"https:\\\/\\\/polaris-education.net\\\/wp-content\\\/uploads\\\/2024\\\/02\\\/training-studio-product-image.jpg\",\"contentUrl\":\"https:\\\/\\\/polaris-education.net\\\/wp-content\\\/uploads\\\/2024\\\/02\\\/training-studio-product-image.jpg\",\"width\":200,\"height\":200,\"caption\":\"Electrical equipment for music recording and computer monitor with sound mixing tracks on workplace of deejay or modern musician in studio\"},{\"@type\":\"BreadcrumbList\",\"@id\":\"https:\\\/\\\/polaris-education.net\\\/producto\\\/logic-pro-course-basic-to-advanced\\\/#breadcrumb\",\"itemListElement\":[{\"@type\":\"ListItem\",\"position\":1,\"name\":\"Home\",\"item\":\"https:\\\/\\\/polaris-education.net\\\/\"},{\"@type\":\"ListItem\",\"position\":2,\"name\":\"Tienda\",\"item\":\"https:\\\/\\\/polaris-education.net\\\/tienda\\\/\"},{\"@type\":\"ListItem\",\"position\":3,\"name\":\"Training Studio\u00ae Full Courses: Logic Pro\u2122\"}]},{\"@type\":\"WebSite\",\"@id\":\"https:\\\/\\\/polaris-education.net\\\/#website\",\"url\":\"https:\\\/\\\/polaris-education.net\\\/\",\"name\":\"Polaris Education\",\"description\":\"Modern Training for Musical Creation\",\"publisher\":{\"@id\":\"https:\\\/\\\/polaris-education.net\\\/#organization\"},\"potentialAction\":[{\"@type\":\"SearchAction\",\"target\":{\"@type\":\"EntryPoint\",\"urlTemplate\":\"https:\\\/\\\/polaris-education.net\\\/?s={search_term_string}\"},\"query-input\":{\"@type\":\"PropertyValueSpecification\",\"valueRequired\":true,\"valueName\":\"search_term_string\"}}],\"inLanguage\":\"es\"},{\"@type\":\"Organization\",\"@id\":\"https:\\\/\\\/polaris-education.net\\\/#organization\",\"name\":\"Polaris Education\",\"url\":\"https:\\\/\\\/polaris-education.net\\\/\",\"logo\":{\"@type\":\"ImageObject\",\"inLanguage\":\"es\",\"@id\":\"https:\\\/\\\/polaris-education.net\\\/#\\\/schema\\\/logo\\\/image\\\/\",\"url\":\"https:\\\/\\\/polaris-education.net\\\/wp-content\\\/uploads\\\/2024\\\/11\\\/Polaris-Education-Gray-Only-Iso-SMALL.png\",\"contentUrl\":\"https:\\\/\\\/polaris-education.net\\\/wp-content\\\/uploads\\\/2024\\\/11\\\/Polaris-Education-Gray-Only-Iso-SMALL.png\",\"width\":200,\"height\":311,\"caption\":\"Polaris Education\"},\"image\":{\"@id\":\"https:\\\/\\\/polaris-education.net\\\/#\\\/schema\\\/logo\\\/image\\\/\"},\"sameAs\":[\"https:\\\/\\\/www.instagram.com\\\/polaris.education\\\/\",\"https:\\\/\\\/www.youtube.com\\\/channel\\\/UCtUfE4kJqANNnk9GqZtslkg\"]}]}<\/script>\n<!-- \/ Yoast SEO plugin. -->","yoast_head_json":{"title":"Logic Pro | Domina el mejor DAW de producci\u00f3n musical con Training Studio","description":"Aprende Logic Pro con nuestros cursos de producci\u00f3n musical en l\u00ednea. Programas  disponibles para principiantes, intermedios y avanzados.","robots":{"index":"index","follow":"follow","max-snippet":"max-snippet:-1","max-image-preview":"max-image-preview:large","max-video-preview":"max-video-preview:-1"},"canonical":"https:\/\/polaris-education.net\/es\/producto-2\/curso-logic-pro-basico-avanzado\/","og_locale":"es_ES","og_type":"article","og_title":"Logic Pro | Master the best music production tool: Training Studio","og_description":"Learn Logic Pro with our top-rated online music production courses. Beginner, intermediate and advanced programs available.","og_url":"https:\/\/polaris-education.net\/es\/producto-2\/curso-logic-pro-basico-avanzado\/","og_site_name":"Polaris Education","article_modified_time":"2024-12-14T20:36:46+00:00","og_image":[{"width":200,"height":200,"url":"https:\/\/polaris-education.net\/wp-content\/uploads\/2024\/02\/training-studio-product-image.jpg","type":"image\/jpeg"}],"twitter_card":"summary_large_image","twitter_misc":{"Tiempo de lectura":"2 minutos"},"schema":{"@context":"https:\/\/schema.org","@graph":[{"@type":"WebPage","@id":"https:\/\/polaris-education.net\/producto\/logic-pro-course-basic-to-advanced\/","url":"https:\/\/polaris-education.net\/producto\/logic-pro-course-basic-to-advanced\/","name":"Logic Pro | Domina el mejor DAW de producci\u00f3n musical con Training Studio","isPartOf":{"@id":"https:\/\/polaris-education.net\/#website"},"primaryImageOfPage":{"@id":"https:\/\/polaris-education.net\/producto\/logic-pro-course-basic-to-advanced\/#primaryimage"},"image":{"@id":"https:\/\/polaris-education.net\/producto\/logic-pro-course-basic-to-advanced\/#primaryimage"},"thumbnailUrl":"https:\/\/polaris-education.net\/wp-content\/uploads\/2024\/02\/training-studio-product-image.jpg","datePublished":"2024-02-08T14:31:35+00:00","dateModified":"2024-12-14T20:36:46+00:00","description":"Aprende Logic Pro con nuestros cursos de producci\u00f3n musical en l\u00ednea. Programas  disponibles para principiantes, intermedios y avanzados.","breadcrumb":{"@id":"https:\/\/polaris-education.net\/producto\/logic-pro-course-basic-to-advanced\/#breadcrumb"},"inLanguage":"es","potentialAction":[{"@type":"ReadAction","target":["https:\/\/polaris-education.net\/producto\/logic-pro-course-basic-to-advanced\/"]}]},{"@type":"ImageObject","inLanguage":"es","@id":"https:\/\/polaris-education.net\/producto\/logic-pro-course-basic-to-advanced\/#primaryimage","url":"https:\/\/polaris-education.net\/wp-content\/uploads\/2024\/02\/training-studio-product-image.jpg","contentUrl":"https:\/\/polaris-education.net\/wp-content\/uploads\/2024\/02\/training-studio-product-image.jpg","width":200,"height":200,"caption":"Electrical equipment for music recording and computer monitor with sound mixing tracks on workplace of deejay or modern musician in studio"},{"@type":"BreadcrumbList","@id":"https:\/\/polaris-education.net\/producto\/logic-pro-course-basic-to-advanced\/#breadcrumb","itemListElement":[{"@type":"ListItem","position":1,"name":"Home","item":"https:\/\/polaris-education.net\/"},{"@type":"ListItem","position":2,"name":"Tienda","item":"https:\/\/polaris-education.net\/tienda\/"},{"@type":"ListItem","position":3,"name":"Training Studio\u00ae Full Courses: Logic Pro\u2122"}]},{"@type":"WebSite","@id":"https:\/\/polaris-education.net\/#website","url":"https:\/\/polaris-education.net\/","name":"Polaris Education","description":"Entrenamiento Moderno en Creaci\u00f3n Musical","publisher":{"@id":"https:\/\/polaris-education.net\/#organization"},"potentialAction":[{"@type":"SearchAction","target":{"@type":"EntryPoint","urlTemplate":"https:\/\/polaris-education.net\/?s={search_term_string}"},"query-input":{"@type":"PropertyValueSpecification","valueRequired":true,"valueName":"search_term_string"}}],"inLanguage":"es"},{"@type":"Organization","@id":"https:\/\/polaris-education.net\/#organization","name":"Polaris Education","url":"https:\/\/polaris-education.net\/","logo":{"@type":"ImageObject","inLanguage":"es","@id":"https:\/\/polaris-education.net\/#\/schema\/logo\/image\/","url":"https:\/\/polaris-education.net\/wp-content\/uploads\/2024\/11\/Polaris-Education-Gray-Only-Iso-SMALL.png","contentUrl":"https:\/\/polaris-education.net\/wp-content\/uploads\/2024\/11\/Polaris-Education-Gray-Only-Iso-SMALL.png","width":200,"height":311,"caption":"Polaris Education"},"image":{"@id":"https:\/\/polaris-education.net\/#\/schema\/logo\/image\/"},"sameAs":["https:\/\/www.instagram.com\/polaris.education\/","https:\/\/www.youtube.com\/channel\/UCtUfE4kJqANNnk9GqZtslkg"]}]}},"_links":{"self":[{"href":"https:\/\/polaris-education.net\/es\/wp-json\/wp\/v2\/product\/581","targetHints":{"allow":["GET"]}}],"collection":[{"href":"https:\/\/polaris-education.net\/es\/wp-json\/wp\/v2\/product"}],"about":[{"href":"https:\/\/polaris-education.net\/es\/wp-json\/wp\/v2\/types\/product"}],"replies":[{"embeddable":true,"href":"https:\/\/polaris-education.net\/es\/wp-json\/wp\/v2\/comments?post=581"}],"wp:featuredmedia":[{"embeddable":true,"href":"https:\/\/polaris-education.net\/es\/wp-json\/wp\/v2\/media\/4121"}],"wp:attachment":[{"href":"https:\/\/polaris-education.net\/es\/wp-json\/wp\/v2\/media?parent=581"}],"wp:term":[{"taxonomy":"product_brand","embeddable":true,"href":"https:\/\/polaris-education.net\/es\/wp-json\/wp\/v2\/product_brand?post=581"},{"taxonomy":"product_cat","embeddable":true,"href":"https:\/\/polaris-education.net\/es\/wp-json\/wp\/v2\/product_cat?post=581"},{"taxonomy":"product_tag","embeddable":true,"href":"https:\/\/polaris-education.net\/es\/wp-json\/wp\/v2\/product_tag?post=581"}],"curies":[{"name":"wp","href":"https:\/\/api.w.org\/{rel}","templated":true}]}}