{"id":567,"date":"2024-02-07T22:44:35","date_gmt":"2024-02-07T22:44:35","guid":{"rendered":"https:\/\/polaris.googlebuho.com\/?post_type=product&#038;p=567"},"modified":"2024-12-20T20:27:51","modified_gmt":"2024-12-20T20:27:51","slug":"frank-quintero-acordes-guitarra-tablatura","status":"publish","type":"product","link":"https:\/\/polaris-education.net\/es\/producto\/frank-quintero-sheet-music-chords\/","title":{"rendered":"Frank Quintero: Las Partituras"},"content":{"rendered":"<p style=\"text-align: center;\"><strong><span style=\"color: #3137fd;\"> <span style=\"font-size: large;\"> En Polaris estamos orgullosos de presentar un fant\u00e1stico contenido acad\u00e9mico para m\u00fasicos y compositores de todo nivel: <\/span><\/span><\/strong><\/p>\n<p>&nbsp;<\/p>\n<p style=\"text-align: center;\"><strong><span style=\"border-image: initial; border: 1px solid white; border-radius: 5px;\"> \u00a0 \u00a0 Frank Quintero: Las Partituras, Vol. 1. \u00a0 \u00a0 <\/span><\/strong><\/p>\n<p>Se trata de la colecci\u00f3n de partituras + tablaturas interactivas de Frank Quintero, esencial\nautor de la m\u00fasica contempor\u00e1nea en espa\u00f1ol y parte del equipo de Polaris Education.  Incluye...<\/p>\n<p>\u2022 Acordes y solos de guitarra | Cifrado general | Melod\u00edas vocales y letras<br \/>\n\u2022 Nociones de composici\u00f3n musical aplicadas en los temas<br \/>\n\u2022 An\u00e1lisis arm\u00f3nico y mel\u00f3dico de los temas<br \/>\n\u2022 Progresiones arm\u00f3nicas | manejo de las voces cordales (voice-leading)<br \/>\n+<br \/>\n\u2022 Pistas de pr\u00e1ctica en audio de 24 bits<br \/>\n\u2022 MIDI exportable a tu DAW\/software, para hacer tus propios arreglos... \u00a1perfectos para estudiar y componer!<\/p>\n<p>+ Si lo deseas, puedes recibir la lecci\u00f3n de cada tema en forma de clase online con tu\ninstructor a trav\u00e9s de GuitarLab\u00ae, con tomas multi-c\u00e1mara y gr\u00e1ficos en tiempo real.<\/p>\n<p>&nbsp;<\/p>\n<hr \/>\n<p>&nbsp;<\/p>\n<p style=\"text-align: center;\"><strong><span style=\"border-image: initial; border: 1px solid white; border-radius: 5px;\"> \u00a0 \u00a0 \u00bfQu\u00e9 puedes conseguir en el Volumen 1 de la colecci\u00f3n? (10 temas) \u00a0 \u00a0<\/span><\/strong><\/p>\n<p>\u2022 Tablaturas y partituras para guitarra, cifrados, melod\u00edas vocales\/letras) de los temas m\u00e1s\nemblem\u00e1ticos de Frank, con transcripciones fieles a las escuchadas en sus discos en estudio y\nen vivo.<\/p>\n<p>\u2022 Listas de acordes<\/p>\n<p>&nbsp;<\/p>\n<hr \/>\n<p>&nbsp;<\/p>\n<p style=\"text-align: center;\"><strong><span style=\"border-image: initial; border: 1px solid white; border-radius: 5px;\"> \u00a0 \u00a0 Formatos disponibles \u00a0 \u00a0 <\/span><\/strong><\/p>\n<p>\u2022 PDF b\u00e1sico<\/p>\n<p>\u2022 Interactivo (Guitar Pro\u2122 8, con acordes \/ solos \/ melod\u00edas vocales en tiempo real<\/p>\n<p>\u2022 Clase en vivo con uno de nuestros instructores (opcional), con todas las explicaciones y\nmateriales de estudio en GuitarLab\u00ae, tu aula de guitarra online en Polaris<\/p>\n<p>&nbsp;<\/p>\n<hr \/>\n<p>&nbsp;<\/p>\n<p style=\"text-align: center;\"><strong><span style=\"border-image: initial; border: 1px solid white; border-radius: 5px;\"> \u00a0 \u00a0 En detalle... \u00a0 \u00a0 <\/span><\/strong><\/p>\n<p><i class=\"icon icon-music-player\" aria-hidden=\"true\"><\/i>\u00a0<strong><span style=\"color: #3137fd;\"> Partituras \/ Tablaturas interactivas: <\/span><\/strong><\/p>\n<p>Work in the Guitar Pro\u2122 8 * software, allowing you to play the score + tablature + chord + vocal melody in real-time, with excellent sound and even your virtual fretboard and keyboard, where you can directly see how to play the chords and solos. You can:<\/p>\n<p>\u2022 Repetir (loop) secciones espec\u00edficas en un tema<br \/>\n\u2022 Cambiar la velocidad de reproducci\u00f3n \u2022 Aislar\/Silenciar\/Ajustar el volumen de cada pista<br \/>\n\u2022 Exportar MIDI y Audio para hacer tus propias versiones de los temas.<\/p>\n<p><i class=\"icon icon-music-player\" aria-hidden=\"true\"><\/i>\u00a0 <span style=\"font-size: small;\">* Tus packs de <em>\"Frank Quintero: Las Partituras\" <\/em>con tablaturas \/ partituras interactivas (4, 8 \u00f3 10) incluyen una licencia educativa del software Guitar Pro\u2122 8.<\/span><\/p>\n<p>&nbsp;<\/p>\n<p><i class=\"icon icon-music-player\" aria-hidden=\"true\"><\/i>\u00a0<strong><span style=\"color: #3137fd;\">Tambi\u00e9n disponible: <\/span><\/strong><span style=\"color: #3137fd;\">Edici\u00f3n especial del programa <strong>GuitarLab\u00ae<\/strong> sobre <strong><em>Frank Quintero: Las Partituras<\/em><\/strong>.<\/span><\/p>\n<p>Esta opci\u00f3n te permite adquirir <em>\"Frank Quintero: Las Partituras\"<\/em> de 4, 8 \u00f3 10 lecciones online en vivo con tu instructor, donde aprender\u00e1s no solo a tocar los temas, sino las nociones de teor\u00eda,\narmon\u00eda y composici\u00f3n usados en ellos: valiosas herramientas para tu aprendizaje musical.<\/p>\n<p>&nbsp;<\/p>\n<p><i class=\"icon icon-music-player\" aria-hidden=\"true\"><\/i>\u00a0<strong><span style=\"color: #3137fd;\">Tus packs de <em>Frank Quintero: Las Partituras<\/em> \u2013 GuitarLab\u00ae incluyen:<\/span><\/strong><\/p>\n<p>\u2022 4 u 8 lecciones online en vivo (cada una de 90 minutos de duraci\u00f3n), con tablaturas\/partituras en\ntiempo real y tomas de c\u00e1mara multi-\u00e1ngulo sobre lo que te explica tu instructor<\/p>\n<p>\u2022 Tu licencia de software Guitar Pro\u2122 8 (GP8)<\/p>\n<p>\u2022 Partituras interactivas en formato GP8, de los temas revisados en clase - una partitura por cada sesi\u00f3n de 90 minutos -<\/p>\n<p>\u2022 Tu licencia personal del software EarMaster\u2122 Cloud, con ejercicios interactivos y\npersonalizados para entrenamiento del o\u00eddo y auto-evaluaci\u00f3n, para practicar los\nconceptos b\u00e1sicos revisados durante las clases.<\/p>\n<p>&nbsp;<\/p>\n<p style=\"text-align: center;\"><i class=\"icon icon-music-player\" aria-hidden=\"true\"><\/i>\u00a0<strong><span style=\"color: #3137fd;\">Temas disponibles: <\/span><\/strong><\/p>\n<p style=\"text-align: center;\"><em>&#8220;Contigo&#8221;<\/em><\/p>\n<p style=\"text-align: center;\"><em>&#8220;Canci\u00f3n para Ti&#8221;<\/em><\/p>\n<p style=\"text-align: center;\"><em>&#8220;El Sue\u00f1o del Delf\u00edn&#8221;<\/em><\/p>\n<p style=\"text-align: center;\"><em>&#8220;Ya no somos los mismos&#8221;<\/em><\/p>\n<p style=\"text-align: center;\"><em>&#8220;La Dama de la Ciudad&#8221;<\/em><\/p>\n<p style=\"text-align: center;\"><em>&#8220;Baila conmigo&#8221;<\/em><\/p>\n<p style=\"text-align: center;\"><em>&#8220;El Le\u00f1ador&#8221;<\/em><\/p>\n<p style=\"text-align: center;\"><em>&#8220;La Chica de los 80&#8221;<\/em><\/p>\n<p style=\"text-align: center;\"><em>&#8220;Gitana&#8221;<\/em><\/p>\n<p style=\"text-align: center;\"><em>&#8220;La calle del Atardecer&#8221;<\/em><\/p>\n<p>&nbsp;<\/p>\n<hr \/>","protected":false},"excerpt":{"rendered":"<p>Aprende los temas y las bases compositivas de la m\u00fasica de este genial artista.<\/p>","protected":false},"featured_media":4117,"comment_status":"open","ping_status":"closed","template":"","meta":{"_acf_changed":false,"_joinchat":[]},"product_brand":[],"product_cat":[20],"product_tag":[],"class_list":{"0":"post-567","1":"product","2":"type-product","3":"status-publish","4":"has-post-thumbnail","6":"product_cat-sin-categorizar","8":"first","9":"instock","10":"shipping-taxable","11":"purchasable","12":"product-type-variable"},"acf":[],"yoast_head":"<!-- This site is optimized with the Yoast SEO plugin v27.0 - https:\/\/yoast.com\/product\/yoast-seo-wordpress\/ -->\n<title>Frank Quintero: Sheet Music for Guitar &amp; Vocals | Polaris Education<\/title>\n<meta name=\"description\" content=\"Frank Quintero\u2019s official sheet music scores for guitar and vocals. Learn to play the songs with detailed transcriptions for all guitars for every song.\" \/>\n<meta name=\"robots\" content=\"index, follow, max-snippet:-1, max-image-preview:large, max-video-preview:-1\" \/>\n<link rel=\"canonical\" href=\"https:\/\/polaris-education.net\/es\/producto-2\/frank-quintero-acordes-guitarra-tablatura\/\" \/>\n<meta property=\"og:locale\" content=\"es_ES\" \/>\n<meta property=\"og:type\" content=\"article\" \/>\n<meta property=\"og:title\" content=\"Frank Quintero: Sheet Music for Guitar &amp; Vocals | Polaris Education\" \/>\n<meta property=\"og:description\" content=\"Frank Quintero\u2019s official sheet music scores for guitar and vocals. Learn to play the songs with detailed transcriptions for all guitars for every song.\" \/>\n<meta property=\"og:url\" content=\"https:\/\/polaris-education.net\/es\/producto-2\/frank-quintero-acordes-guitarra-tablatura\/\" \/>\n<meta property=\"og:site_name\" content=\"Polaris Education\" \/>\n<meta property=\"article:modified_time\" content=\"2024-12-20T20:27:51+00:00\" \/>\n<meta property=\"og:image\" content=\"https:\/\/polaris-education.net\/wp-content\/uploads\/2024\/02\/frank-partituras-product-image.jpg\" \/>\n\t<meta property=\"og:image:width\" content=\"300\" \/>\n\t<meta property=\"og:image:height\" content=\"300\" \/>\n\t<meta property=\"og:image:type\" content=\"image\/jpeg\" \/>\n<meta name=\"twitter:card\" content=\"summary_large_image\" \/>\n<meta name=\"twitter:label1\" content=\"Tiempo de lectura\" \/>\n\t<meta name=\"twitter:data1\" content=\"3 minutos\" \/>\n<script type=\"application\/ld+json\" class=\"yoast-schema-graph\">{\"@context\":\"https:\/\/schema.org\",\"@graph\":[{\"@type\":\"WebPage\",\"@id\":\"https:\/\/polaris-education.net\/producto\/frank-quintero-sheet-music-chords\/\",\"url\":\"https:\/\/polaris-education.net\/producto\/frank-quintero-sheet-music-chords\/\",\"name\":\"Frank Quintero: Sheet Music for Guitar & Vocals | Polaris Education\",\"isPartOf\":{\"@id\":\"https:\/\/polaris-education.net\/#website\"},\"primaryImageOfPage\":{\"@id\":\"https:\/\/polaris-education.net\/producto\/frank-quintero-sheet-music-chords\/#primaryimage\"},\"image\":{\"@id\":\"https:\/\/polaris-education.net\/producto\/frank-quintero-sheet-music-chords\/#primaryimage\"},\"thumbnailUrl\":\"https:\/\/polaris-education.net\/wp-content\/uploads\/2024\/02\/frank-partituras-product-image.jpg\",\"datePublished\":\"2024-02-07T22:44:35+00:00\",\"dateModified\":\"2024-12-20T20:27:51+00:00\",\"description\":\"Frank Quintero\u2019s official sheet music scores for guitar and vocals. Learn to play the songs with detailed transcriptions for all guitars for every song.\",\"breadcrumb\":{\"@id\":\"https:\/\/polaris-education.net\/producto\/frank-quintero-sheet-music-chords\/#breadcrumb\"},\"inLanguage\":\"es\",\"potentialAction\":[{\"@type\":\"ReadAction\",\"target\":[\"https:\/\/polaris-education.net\/producto\/frank-quintero-sheet-music-chords\/\"]}]},{\"@type\":\"ImageObject\",\"inLanguage\":\"es\",\"@id\":\"https:\/\/polaris-education.net\/producto\/frank-quintero-sheet-music-chords\/#primaryimage\",\"url\":\"https:\/\/polaris-education.net\/wp-content\/uploads\/2024\/02\/frank-partituras-product-image.jpg\",\"contentUrl\":\"https:\/\/polaris-education.net\/wp-content\/uploads\/2024\/02\/frank-partituras-product-image.jpg\",\"width\":300,\"height\":300,\"caption\":\"Screenshot\"},{\"@type\":\"BreadcrumbList\",\"@id\":\"https:\/\/polaris-education.net\/producto\/frank-quintero-sheet-music-chords\/#breadcrumb\",\"itemListElement\":[{\"@type\":\"ListItem\",\"position\":1,\"name\":\"Home\",\"item\":\"https:\/\/polaris-education.net\/\"},{\"@type\":\"ListItem\",\"position\":2,\"name\":\"Tienda\",\"item\":\"https:\/\/polaris-education.net\/tienda\/\"},{\"@type\":\"ListItem\",\"position\":3,\"name\":\"Frank Quintero: The Scores\"}]},{\"@type\":\"WebSite\",\"@id\":\"https:\/\/polaris-education.net\/#website\",\"url\":\"https:\/\/polaris-education.net\/\",\"name\":\"Polaris Education\",\"description\":\"Modern Training for Musical Creation\",\"publisher\":{\"@id\":\"https:\/\/polaris-education.net\/#organization\"},\"potentialAction\":[{\"@type\":\"SearchAction\",\"target\":{\"@type\":\"EntryPoint\",\"urlTemplate\":\"https:\/\/polaris-education.net\/?s={search_term_string}\"},\"query-input\":{\"@type\":\"PropertyValueSpecification\",\"valueRequired\":true,\"valueName\":\"search_term_string\"}}],\"inLanguage\":\"es\"},{\"@type\":\"Organization\",\"@id\":\"https:\/\/polaris-education.net\/#organization\",\"name\":\"Polaris Education\",\"url\":\"https:\/\/polaris-education.net\/\",\"logo\":{\"@type\":\"ImageObject\",\"inLanguage\":\"es\",\"@id\":\"https:\/\/polaris-education.net\/#\/schema\/logo\/image\/\",\"url\":\"https:\/\/polaris-education.net\/wp-content\/uploads\/2024\/11\/Polaris-Education-Gray-Only-Iso-SMALL.png\",\"contentUrl\":\"https:\/\/polaris-education.net\/wp-content\/uploads\/2024\/11\/Polaris-Education-Gray-Only-Iso-SMALL.png\",\"width\":200,\"height\":311,\"caption\":\"Polaris Education\"},\"image\":{\"@id\":\"https:\/\/polaris-education.net\/#\/schema\/logo\/image\/\"},\"sameAs\":[\"https:\/\/www.instagram.com\/polaris.education\/\",\"https:\/\/www.youtube.com\/channel\/UCtUfE4kJqANNnk9GqZtslkg\"]}]}<\/script>\n<!-- \/ Yoast SEO plugin. -->","yoast_head_json":{"title":"Frank Quintero: Partituras para guitarra y voz | Polaris Education","description":"Partituras oficiales de Frank Quintero para guitarra y voz. Aprende a tocar sus canciones con transcripciones interactivas con m\u00e1ximo detalle.","robots":{"index":"index","follow":"follow","max-snippet":"max-snippet:-1","max-image-preview":"max-image-preview:large","max-video-preview":"max-video-preview:-1"},"canonical":"https:\/\/polaris-education.net\/es\/producto-2\/frank-quintero-acordes-guitarra-tablatura\/","og_locale":"es_ES","og_type":"article","og_title":"Frank Quintero: Sheet Music for Guitar & Vocals | Polaris Education","og_description":"Frank Quintero\u2019s official sheet music scores for guitar and vocals. Learn to play the songs with detailed transcriptions for all guitars for every song.","og_url":"https:\/\/polaris-education.net\/es\/producto-2\/frank-quintero-acordes-guitarra-tablatura\/","og_site_name":"Polaris Education","article_modified_time":"2024-12-20T20:27:51+00:00","og_image":[{"width":300,"height":300,"url":"https:\/\/polaris-education.net\/wp-content\/uploads\/2024\/02\/frank-partituras-product-image.jpg","type":"image\/jpeg"}],"twitter_card":"summary_large_image","twitter_misc":{"Tiempo de lectura":"3 minutos"},"schema":{"@context":"https:\/\/schema.org","@graph":[{"@type":"WebPage","@id":"https:\/\/polaris-education.net\/producto\/frank-quintero-sheet-music-chords\/","url":"https:\/\/polaris-education.net\/producto\/frank-quintero-sheet-music-chords\/","name":"Frank Quintero: Partituras para guitarra y voz | Polaris Education","isPartOf":{"@id":"https:\/\/polaris-education.net\/#website"},"primaryImageOfPage":{"@id":"https:\/\/polaris-education.net\/producto\/frank-quintero-sheet-music-chords\/#primaryimage"},"image":{"@id":"https:\/\/polaris-education.net\/producto\/frank-quintero-sheet-music-chords\/#primaryimage"},"thumbnailUrl":"https:\/\/polaris-education.net\/wp-content\/uploads\/2024\/02\/frank-partituras-product-image.jpg","datePublished":"2024-02-07T22:44:35+00:00","dateModified":"2024-12-20T20:27:51+00:00","description":"Partituras oficiales de Frank Quintero para guitarra y voz. Aprende a tocar sus canciones con transcripciones interactivas con m\u00e1ximo detalle.","breadcrumb":{"@id":"https:\/\/polaris-education.net\/producto\/frank-quintero-sheet-music-chords\/#breadcrumb"},"inLanguage":"es","potentialAction":[{"@type":"ReadAction","target":["https:\/\/polaris-education.net\/producto\/frank-quintero-sheet-music-chords\/"]}]},{"@type":"ImageObject","inLanguage":"es","@id":"https:\/\/polaris-education.net\/producto\/frank-quintero-sheet-music-chords\/#primaryimage","url":"https:\/\/polaris-education.net\/wp-content\/uploads\/2024\/02\/frank-partituras-product-image.jpg","contentUrl":"https:\/\/polaris-education.net\/wp-content\/uploads\/2024\/02\/frank-partituras-product-image.jpg","width":300,"height":300,"caption":"Screenshot"},{"@type":"BreadcrumbList","@id":"https:\/\/polaris-education.net\/producto\/frank-quintero-sheet-music-chords\/#breadcrumb","itemListElement":[{"@type":"ListItem","position":1,"name":"Home","item":"https:\/\/polaris-education.net\/"},{"@type":"ListItem","position":2,"name":"Tienda","item":"https:\/\/polaris-education.net\/tienda\/"},{"@type":"ListItem","position":3,"name":"Frank Quintero: The Scores"}]},{"@type":"WebSite","@id":"https:\/\/polaris-education.net\/#website","url":"https:\/\/polaris-education.net\/","name":"Polaris Education","description":"Entrenamiento Moderno en Creaci\u00f3n Musical","publisher":{"@id":"https:\/\/polaris-education.net\/#organization"},"potentialAction":[{"@type":"SearchAction","target":{"@type":"EntryPoint","urlTemplate":"https:\/\/polaris-education.net\/?s={search_term_string}"},"query-input":{"@type":"PropertyValueSpecification","valueRequired":true,"valueName":"search_term_string"}}],"inLanguage":"es"},{"@type":"Organization","@id":"https:\/\/polaris-education.net\/#organization","name":"Polaris Education","url":"https:\/\/polaris-education.net\/","logo":{"@type":"ImageObject","inLanguage":"es","@id":"https:\/\/polaris-education.net\/#\/schema\/logo\/image\/","url":"https:\/\/polaris-education.net\/wp-content\/uploads\/2024\/11\/Polaris-Education-Gray-Only-Iso-SMALL.png","contentUrl":"https:\/\/polaris-education.net\/wp-content\/uploads\/2024\/11\/Polaris-Education-Gray-Only-Iso-SMALL.png","width":200,"height":311,"caption":"Polaris Education"},"image":{"@id":"https:\/\/polaris-education.net\/#\/schema\/logo\/image\/"},"sameAs":["https:\/\/www.instagram.com\/polaris.education\/","https:\/\/www.youtube.com\/channel\/UCtUfE4kJqANNnk9GqZtslkg"]}]}},"_links":{"self":[{"href":"https:\/\/polaris-education.net\/es\/wp-json\/wp\/v2\/product\/567","targetHints":{"allow":["GET"]}}],"collection":[{"href":"https:\/\/polaris-education.net\/es\/wp-json\/wp\/v2\/product"}],"about":[{"href":"https:\/\/polaris-education.net\/es\/wp-json\/wp\/v2\/types\/product"}],"replies":[{"embeddable":true,"href":"https:\/\/polaris-education.net\/es\/wp-json\/wp\/v2\/comments?post=567"}],"wp:featuredmedia":[{"embeddable":true,"href":"https:\/\/polaris-education.net\/es\/wp-json\/wp\/v2\/media\/4117"}],"wp:attachment":[{"href":"https:\/\/polaris-education.net\/es\/wp-json\/wp\/v2\/media?parent=567"}],"wp:term":[{"taxonomy":"product_brand","embeddable":true,"href":"https:\/\/polaris-education.net\/es\/wp-json\/wp\/v2\/product_brand?post=567"},{"taxonomy":"product_cat","embeddable":true,"href":"https:\/\/polaris-education.net\/es\/wp-json\/wp\/v2\/product_cat?post=567"},{"taxonomy":"product_tag","embeddable":true,"href":"https:\/\/polaris-education.net\/es\/wp-json\/wp\/v2\/product_tag?post=567"}],"curies":[{"name":"wp","href":"https:\/\/api.w.org\/{rel}","templated":true}]}}