{"id":557,"date":"2024-02-07T21:41:26","date_gmt":"2024-02-07T21:41:26","guid":{"rendered":"https:\/\/polaris.googlebuho.com\/?post_type=product&#038;p=557"},"modified":"2024-12-09T17:16:06","modified_gmt":"2024-12-09T17:16:06","slug":"clases-guitarra-piano-produccion-musical","status":"publish","type":"product","link":"https:\/\/polaris-education.net\/es\/producto\/learn-play-instrument-music-production\/","title":{"rendered":"P-FUSION\u00ae"},"content":{"rendered":"<p style=\"text-align: center;\"><strong><span style=\"color: #3137fd;\"> P-FUSION\u00ae combina los contenidos de GuitarLab\u00ae \/ KeysLab\u00ae con los de\nde Training Studio\u00ae<\/span><\/strong><\/p>\n<p style=\"text-align: center;\">Aprende a tocar un instrumento mientras materializas tus ideas musicales en una producci\u00f3n en tu computador.<\/p>\n<p>&nbsp;<\/p>\n<p style=\"text-align: center;\"><strong>\u00a0Sin duda, tu mejor opci\u00f3n para comprender el proceso completo de la creaci\u00f3n musical.<\/strong><\/p>\n<p>&nbsp;<\/p>\n<hr \/>\n<p>&nbsp;<\/p>\n<p style=\"text-align: center;\"><strong><span style=\"border-image: initial; border: 1px solid white; border-radius: 5px;\"> \u00a0 \u00a0 \u00bfQu\u00e9 te ofrece P-FUSION\u00ae? \u00a0 \u00a0 <\/span><\/strong><\/p>\n<p><strong>Aprendizaje de tu instrumento:<\/strong><\/p>\n<ul>\n<li>Anatom\u00eda mel\u00f3dica y arm\u00f3nica de la guitarra y\/o teclados<\/li>\n<li>Construcci\u00f3n de acordes<\/li>\n<li>Teor\u00eda musical interactiva<\/li>\n<li>Estudio de temas y composici\u00f3n en tu g\u00e9nero musical preferido <em> your favorite musical genres\/styles<\/em><\/li>\n<li>Progresiones arm\u00f3nicas<\/li>\n<li>Relaci\u00f3n escala \/ acorde<\/li>\n<li>M\u00fasica modal \/ Intercambio Modal<\/li>\n<li>T\u00e9cnicas<\/li>\n<li>Entrenamiento del O\u00eddo<\/li>\n<\/ul>\n<p>&nbsp;<\/p>\n<p><span style=\"font-size: small;\">(todo con el apoyo de Guitar Pro\u2122 8 \/ Keys Pro\u2122 8 y EarMaster\u2122 7 Cloud)<\/span><\/p>\n<p>&nbsp;<\/p>\n<p><strong>\u2026y todo lo que necesitas para crear producciones musicales profesionales:<\/strong><\/p>\n<ul>\n<li>Grabaci\u00f3n<\/li>\n<li>Audio \/ Se\u00f1al<\/li>\n<li>MIDI (lenguaje inform\u00e1tico para escribir m\u00fasica)<\/li>\n<li>Edici\u00f3n de Audio y MIDI<\/li>\n<li>S\u00edntesis y Dise\u00f1o s\u00f3nico<\/li>\n<li>Instrumentos virtuales<\/li>\n<li>Sampling<\/li>\n<li>Mezcla<\/li>\n<li>Masterizaci\u00f3n<\/li>\n<\/ul>\n<p>&nbsp;<\/p>\n<p><span style=\"font-size: small;\">(en el software de tu preferencia: Logic Pro\u2122, Ableton\u2122 Live, Cockos Reaper\u2122)<\/span><\/p>\n<p>+<\/p>\n<ul>\n<li>Publicaci\u00f3n de tu m\u00fasica en todas las plataformas digitales (YouTube\u00ae, Spotify\u00ae, Apple\u00ae Music, etc)<\/li>\n<\/ul>\n<p>&nbsp;<\/p>\n<hr \/>\n<p>&nbsp;<\/p>\n<p style=\"text-align: center;\"><strong><span style=\"border-image: initial; border: 1px solid white; border-radius: 5px;\">\u00a0 \u00a0 \u00a0DURANTE TU CLASE...\u00a0 \u00a0 \u00a0<\/span><\/strong><\/p>\n<p>&nbsp;<\/p>\n<p><strong>P-FUSION \u00ae te ofrece lecciones online con tu instructor, contando con:<\/strong><\/p>\n<p>Tomas multi-c\u00e1mara en resoluci\u00f3n 4K: visualizaci\u00f3n detallada de la t\u00e9cnica en el instrumento.<br \/>\nSesiones de producci\u00f3n musical compartida con tu instructor, en tu software preferido.<\/p>\n<p>\u2022 <strong>Visualizaci\u00f3n en tiempo real de:<\/strong><\/p>\n<ul>\n<li style=\"list-style-type: none;\">\n<ul>\n<li>ActiveFretboard\u2122: Te muestra d\u00f3nde colocar tus dedos en el diapas\u00f3n y qu\u00e9 cuerdas tocar.<\/li>\n<li>Cifrados: te se\u00f1ala qu\u00e9 notas\/acordes te explica tu instructor.<\/li>\n<li>Diagramas para explicaci\u00f3n instant\u00e1nea:  tu \"mapa\" musical, en tiempo real.<\/li>\n<li>\u2022 Anotaciones en pantalla para una mejor memorizaci\u00f3n de la lecci\u00f3n, asistidas por IA (Inteligencia Artificial)<\/li>\n<\/ul>\n<\/li>\n<\/ul>\n<p>&nbsp;<\/p>\n<p>\u2022 <strong>Streaming de audio directo en resoluci\u00f3n de 32 bits, durante tu clase.<\/strong><\/p>\n<p>&nbsp;<\/p>\n<hr \/>\n<p>&nbsp;<\/p>\n<p style=\"text-align: center;\"><strong><span style=\"border-image: initial; border: 1px solid white; border-radius: 5px;\">\u00a0 \u00a0 \u00a0LUEGO DE TUS LECCIONES...\u00a0 \u00a0 \u00a0<\/span><\/strong><\/p>\n<p>&nbsp;<\/p>\n<p><strong>Recibir\u00e1s tus materiales personalizados para:<\/strong><\/p>\n<p>&nbsp;<\/p>\n<p>\u2022<strong>Estudiar<\/strong><\/p>\n<ul>\n<li style=\"list-style-type: none;\">\n<ul>\n<li>Resumen de tu clase en video de alta resoluci\u00f3n (HD 1080p)<\/li>\n<li>Contenidos de tu lecci\u00f3n <span style=\"font-size: small;\">(formats: Guitar Pro\u2122 \/ Keys Pro\u2122) *<\/span><\/li>\n<li>Material gr\u00e1fico en formato PDF<\/li>\n<\/ul>\n<\/li>\n<\/ul>\n<p>&nbsp;<\/p>\n<p>\u2022<strong>Practicar<\/strong><\/p>\n<ul>\n<li style=\"list-style-type: none;\">\n<ul>\n<li>Sesiones de pr\u00e1ctica, basadas en tu lecci\u00f3n <span style=\"font-size: small;\">(Logic Pro\u2122, Ableton\u2122 Live, Cockos Reaper\u2122)<\/span><\/li>\n<li><em>Pistas de pr\u00e1ctica<\/em><span style=\"font-size: small;\"> ( formato: Band-In-A-Box\u2122 ) <\/span><\/li>\n<\/ul>\n<\/li>\n<\/ul>\n<p>&nbsp;<\/p>\n<p>\u2022<strong>Asignaciones y Auto-evaluaci\u00f3n<\/strong><\/p>\n<ul>\n<li style=\"list-style-type: none;\">\n<ul>\n<li>Ejercicio personalizado sobre tu lecci\u00f3n <span style=\"font-size: small;\">(formats: Guitar Pro\u2122 \/ Keys Pro\u2122) *<\/span><\/li>\n<\/ul>\n<\/li>\n<\/ul>\n<ul>\n<li style=\"list-style-type: none;\">\n<ul>\n<li>Entrenamiento del O\u00eddo, con ejercicios asistidos por IA <span style=\"font-size: small;\">(en tu perfil personal de EarMaster\u2122 Cloud 7) *<\/span><\/li>\n<\/ul>\n<\/li>\n<\/ul>\n<p>&nbsp;<\/p>\n<p><span style=\"font-size: small;\"> * Tus licencias educativas de Guitar Pro\u2122 \/ Keys Pro\u2122 \/ EarMaster\u2122 est\u00e1n incluidas en tu curso.<\/span><\/p>\n<p>&nbsp;<\/p>\n<hr \/>\n<p>&nbsp;<\/p>","protected":false},"excerpt":{"rendered":"<p>P-FUSION\u00ae blends the contents of GuitarLab\u00ae \/ KeysLab\u00ae with those of Training Studio\u00ae Learn to play an instrument while creating your musical recordings on your computer. &nbsp; \u00a0Hands down, your best option to fully understand the entire music creation process. &nbsp; &nbsp; \u00a0 \u00a0 What does P-FUSION\u00ae offer you? \u00a0 \u00a0 Learn to play an [&hellip;]<\/p>\n","protected":false},"featured_media":4120,"comment_status":"open","ping_status":"closed","template":"","meta":{"_acf_changed":false},"product_brand":[],"product_cat":[72],"product_tag":[],"class_list":{"0":"post-557","1":"product","2":"type-product","3":"status-publish","4":"has-post-thumbnail","6":"product_cat-p-fusion","8":"first","9":"instock","10":"shipping-taxable","11":"purchasable","12":"product-type-variable"},"acf":[],"yoast_head":"<!-- This site is optimized with the Yoast SEO plugin v27.5 - https:\/\/yoast.com\/product\/yoast-seo-wordpress\/ -->\n<title>Combine Instrument playing and Music Production | P-FUSION<\/title>\n<meta name=\"description\" content=\"Learn to play an instrument while you get training in professional music production in this innovative course.\" \/>\n<meta name=\"robots\" content=\"index, follow, max-snippet:-1, max-image-preview:large, max-video-preview:-1\" \/>\n<link rel=\"canonical\" href=\"https:\/\/polaris-education.net\/es\/producto-2\/clases-guitarra-piano-produccion-musical\/\" \/>\n<meta property=\"og:locale\" content=\"es_ES\" \/>\n<meta property=\"og:type\" content=\"article\" \/>\n<meta property=\"og:title\" content=\"Combine Instrument playing and Music Production | P-FUSION\" \/>\n<meta property=\"og:description\" content=\"Learn to play an instrument while you get training in professional music production in this innovative course.\" \/>\n<meta property=\"og:url\" content=\"https:\/\/polaris-education.net\/es\/producto-2\/clases-guitarra-piano-produccion-musical\/\" \/>\n<meta property=\"og:site_name\" content=\"Polaris Education\" \/>\n<meta property=\"article:modified_time\" content=\"2024-12-09T17:16:06+00:00\" \/>\n<meta property=\"og:image\" content=\"https:\/\/polaris-education.net\/wp-content\/uploads\/2024\/02\/p-fusion-product-image.png\" \/>\n\t<meta property=\"og:image:width\" content=\"300\" \/>\n\t<meta property=\"og:image:height\" content=\"300\" \/>\n\t<meta property=\"og:image:type\" content=\"image\/png\" \/>\n<meta name=\"twitter:card\" content=\"summary_large_image\" \/>\n<meta name=\"twitter:label1\" content=\"Tiempo de lectura\" \/>\n\t<meta name=\"twitter:data1\" content=\"2 minutos\" \/>\n<script type=\"application\/ld+json\" class=\"yoast-schema-graph\">{\"@context\":\"https:\\\/\\\/schema.org\",\"@graph\":[{\"@type\":\"WebPage\",\"@id\":\"https:\\\/\\\/polaris-education.net\\\/producto\\\/learn-play-instrument-music-production\\\/\",\"url\":\"https:\\\/\\\/polaris-education.net\\\/producto\\\/learn-play-instrument-music-production\\\/\",\"name\":\"Combine Instrument playing and Music Production | P-FUSION\",\"isPartOf\":{\"@id\":\"https:\\\/\\\/polaris-education.net\\\/#website\"},\"primaryImageOfPage\":{\"@id\":\"https:\\\/\\\/polaris-education.net\\\/producto\\\/learn-play-instrument-music-production\\\/#primaryimage\"},\"image\":{\"@id\":\"https:\\\/\\\/polaris-education.net\\\/producto\\\/learn-play-instrument-music-production\\\/#primaryimage\"},\"thumbnailUrl\":\"https:\\\/\\\/polaris-education.net\\\/wp-content\\\/uploads\\\/2024\\\/02\\\/p-fusion-product-image.png\",\"datePublished\":\"2024-02-07T21:41:26+00:00\",\"dateModified\":\"2024-12-09T17:16:06+00:00\",\"description\":\"Learn to play an instrument while you get training in professional music production in this innovative course.\",\"breadcrumb\":{\"@id\":\"https:\\\/\\\/polaris-education.net\\\/producto\\\/learn-play-instrument-music-production\\\/#breadcrumb\"},\"inLanguage\":\"es\",\"potentialAction\":[{\"@type\":\"ReadAction\",\"target\":[\"https:\\\/\\\/polaris-education.net\\\/producto\\\/learn-play-instrument-music-production\\\/\"]}]},{\"@type\":\"ImageObject\",\"inLanguage\":\"es\",\"@id\":\"https:\\\/\\\/polaris-education.net\\\/producto\\\/learn-play-instrument-music-production\\\/#primaryimage\",\"url\":\"https:\\\/\\\/polaris-education.net\\\/wp-content\\\/uploads\\\/2024\\\/02\\\/p-fusion-product-image.png\",\"contentUrl\":\"https:\\\/\\\/polaris-education.net\\\/wp-content\\\/uploads\\\/2024\\\/02\\\/p-fusion-product-image.png\",\"width\":300,\"height\":300,\"caption\":\"Make your own song.\"},{\"@type\":\"BreadcrumbList\",\"@id\":\"https:\\\/\\\/polaris-education.net\\\/producto\\\/learn-play-instrument-music-production\\\/#breadcrumb\",\"itemListElement\":[{\"@type\":\"ListItem\",\"position\":1,\"name\":\"Home\",\"item\":\"https:\\\/\\\/polaris-education.net\\\/\"},{\"@type\":\"ListItem\",\"position\":2,\"name\":\"Tienda\",\"item\":\"https:\\\/\\\/polaris-education.net\\\/tienda\\\/\"},{\"@type\":\"ListItem\",\"position\":3,\"name\":\"P-FUSION\u00ae\"}]},{\"@type\":\"WebSite\",\"@id\":\"https:\\\/\\\/polaris-education.net\\\/#website\",\"url\":\"https:\\\/\\\/polaris-education.net\\\/\",\"name\":\"Polaris Education\",\"description\":\"Modern Training for Musical Creation\",\"publisher\":{\"@id\":\"https:\\\/\\\/polaris-education.net\\\/#organization\"},\"potentialAction\":[{\"@type\":\"SearchAction\",\"target\":{\"@type\":\"EntryPoint\",\"urlTemplate\":\"https:\\\/\\\/polaris-education.net\\\/?s={search_term_string}\"},\"query-input\":{\"@type\":\"PropertyValueSpecification\",\"valueRequired\":true,\"valueName\":\"search_term_string\"}}],\"inLanguage\":\"es\"},{\"@type\":\"Organization\",\"@id\":\"https:\\\/\\\/polaris-education.net\\\/#organization\",\"name\":\"Polaris Education\",\"url\":\"https:\\\/\\\/polaris-education.net\\\/\",\"logo\":{\"@type\":\"ImageObject\",\"inLanguage\":\"es\",\"@id\":\"https:\\\/\\\/polaris-education.net\\\/#\\\/schema\\\/logo\\\/image\\\/\",\"url\":\"https:\\\/\\\/polaris-education.net\\\/wp-content\\\/uploads\\\/2024\\\/11\\\/Polaris-Education-Gray-Only-Iso-SMALL.png\",\"contentUrl\":\"https:\\\/\\\/polaris-education.net\\\/wp-content\\\/uploads\\\/2024\\\/11\\\/Polaris-Education-Gray-Only-Iso-SMALL.png\",\"width\":200,\"height\":311,\"caption\":\"Polaris Education\"},\"image\":{\"@id\":\"https:\\\/\\\/polaris-education.net\\\/#\\\/schema\\\/logo\\\/image\\\/\"},\"sameAs\":[\"https:\\\/\\\/www.instagram.com\\\/polaris.education\\\/\",\"https:\\\/\\\/www.youtube.com\\\/channel\\\/UCtUfE4kJqANNnk9GqZtslkg\"]}]}<\/script>\n<!-- \/ Yoast SEO plugin. -->","yoast_head_json":{"title":"Aprende a escribir canciones y grabar tu m\u00fasica | P-FUSION","description":"Aprende a tocar un instrumento mientras te formas en producci\u00f3n musical profesional en este  innovador curso.","robots":{"index":"index","follow":"follow","max-snippet":"max-snippet:-1","max-image-preview":"max-image-preview:large","max-video-preview":"max-video-preview:-1"},"canonical":"https:\/\/polaris-education.net\/es\/producto-2\/clases-guitarra-piano-produccion-musical\/","og_locale":"es_ES","og_type":"article","og_title":"Combine Instrument playing and Music Production | P-FUSION","og_description":"Learn to play an instrument while you get training in professional music production in this innovative course.","og_url":"https:\/\/polaris-education.net\/es\/producto-2\/clases-guitarra-piano-produccion-musical\/","og_site_name":"Polaris Education","article_modified_time":"2024-12-09T17:16:06+00:00","og_image":[{"width":300,"height":300,"url":"https:\/\/polaris-education.net\/wp-content\/uploads\/2024\/02\/p-fusion-product-image.png","type":"image\/png"}],"twitter_card":"summary_large_image","twitter_misc":{"Tiempo de lectura":"2 minutos"},"schema":{"@context":"https:\/\/schema.org","@graph":[{"@type":"WebPage","@id":"https:\/\/polaris-education.net\/producto\/learn-play-instrument-music-production\/","url":"https:\/\/polaris-education.net\/producto\/learn-play-instrument-music-production\/","name":"Aprende a escribir canciones y grabar tu m\u00fasica | P-FUSION","isPartOf":{"@id":"https:\/\/polaris-education.net\/#website"},"primaryImageOfPage":{"@id":"https:\/\/polaris-education.net\/producto\/learn-play-instrument-music-production\/#primaryimage"},"image":{"@id":"https:\/\/polaris-education.net\/producto\/learn-play-instrument-music-production\/#primaryimage"},"thumbnailUrl":"https:\/\/polaris-education.net\/wp-content\/uploads\/2024\/02\/p-fusion-product-image.png","datePublished":"2024-02-07T21:41:26+00:00","dateModified":"2024-12-09T17:16:06+00:00","description":"Aprende a tocar un instrumento mientras te formas en producci\u00f3n musical profesional en este  innovador curso.","breadcrumb":{"@id":"https:\/\/polaris-education.net\/producto\/learn-play-instrument-music-production\/#breadcrumb"},"inLanguage":"es","potentialAction":[{"@type":"ReadAction","target":["https:\/\/polaris-education.net\/producto\/learn-play-instrument-music-production\/"]}]},{"@type":"ImageObject","inLanguage":"es","@id":"https:\/\/polaris-education.net\/producto\/learn-play-instrument-music-production\/#primaryimage","url":"https:\/\/polaris-education.net\/wp-content\/uploads\/2024\/02\/p-fusion-product-image.png","contentUrl":"https:\/\/polaris-education.net\/wp-content\/uploads\/2024\/02\/p-fusion-product-image.png","width":300,"height":300,"caption":"Make your own song."},{"@type":"BreadcrumbList","@id":"https:\/\/polaris-education.net\/producto\/learn-play-instrument-music-production\/#breadcrumb","itemListElement":[{"@type":"ListItem","position":1,"name":"Home","item":"https:\/\/polaris-education.net\/"},{"@type":"ListItem","position":2,"name":"Tienda","item":"https:\/\/polaris-education.net\/tienda\/"},{"@type":"ListItem","position":3,"name":"P-FUSION\u00ae"}]},{"@type":"WebSite","@id":"https:\/\/polaris-education.net\/#website","url":"https:\/\/polaris-education.net\/","name":"Polaris Education","description":"Entrenamiento Moderno en Creaci\u00f3n Musical","publisher":{"@id":"https:\/\/polaris-education.net\/#organization"},"potentialAction":[{"@type":"SearchAction","target":{"@type":"EntryPoint","urlTemplate":"https:\/\/polaris-education.net\/?s={search_term_string}"},"query-input":{"@type":"PropertyValueSpecification","valueRequired":true,"valueName":"search_term_string"}}],"inLanguage":"es"},{"@type":"Organization","@id":"https:\/\/polaris-education.net\/#organization","name":"Polaris Education","url":"https:\/\/polaris-education.net\/","logo":{"@type":"ImageObject","inLanguage":"es","@id":"https:\/\/polaris-education.net\/#\/schema\/logo\/image\/","url":"https:\/\/polaris-education.net\/wp-content\/uploads\/2024\/11\/Polaris-Education-Gray-Only-Iso-SMALL.png","contentUrl":"https:\/\/polaris-education.net\/wp-content\/uploads\/2024\/11\/Polaris-Education-Gray-Only-Iso-SMALL.png","width":200,"height":311,"caption":"Polaris Education"},"image":{"@id":"https:\/\/polaris-education.net\/#\/schema\/logo\/image\/"},"sameAs":["https:\/\/www.instagram.com\/polaris.education\/","https:\/\/www.youtube.com\/channel\/UCtUfE4kJqANNnk9GqZtslkg"]}]}},"_links":{"self":[{"href":"https:\/\/polaris-education.net\/es\/wp-json\/wp\/v2\/product\/557","targetHints":{"allow":["GET"]}}],"collection":[{"href":"https:\/\/polaris-education.net\/es\/wp-json\/wp\/v2\/product"}],"about":[{"href":"https:\/\/polaris-education.net\/es\/wp-json\/wp\/v2\/types\/product"}],"replies":[{"embeddable":true,"href":"https:\/\/polaris-education.net\/es\/wp-json\/wp\/v2\/comments?post=557"}],"wp:featuredmedia":[{"embeddable":true,"href":"https:\/\/polaris-education.net\/es\/wp-json\/wp\/v2\/media\/4120"}],"wp:attachment":[{"href":"https:\/\/polaris-education.net\/es\/wp-json\/wp\/v2\/media?parent=557"}],"wp:term":[{"taxonomy":"product_brand","embeddable":true,"href":"https:\/\/polaris-education.net\/es\/wp-json\/wp\/v2\/product_brand?post=557"},{"taxonomy":"product_cat","embeddable":true,"href":"https:\/\/polaris-education.net\/es\/wp-json\/wp\/v2\/product_cat?post=557"},{"taxonomy":"product_tag","embeddable":true,"href":"https:\/\/polaris-education.net\/es\/wp-json\/wp\/v2\/product_tag?post=557"}],"curies":[{"name":"wp","href":"https:\/\/api.w.org\/{rel}","templated":true}]}}