{"id":548,"date":"2024-02-07T21:33:20","date_gmt":"2024-02-07T21:33:20","guid":{"rendered":"https:\/\/polaris.googlebuho.com\/?post_type=product&#038;p=548"},"modified":"2024-12-14T20:42:00","modified_gmt":"2024-12-14T20:42:00","slug":"clases-produccion-musical-online","status":"publish","type":"product","link":"https:\/\/polaris-education.net\/es\/producto\/private-online-music-production-lessons\/","title":{"rendered":"Training Studio\u00ae"},"content":{"rendered":"<p style=\"text-align: center;\"><strong><span style=\"color: #3137fd;\"> <span style=\"font-size: large;\"> TRAE TUS IDEAS MUSICALES A LA REALIDAD, USANDO TU COMPUTADORA Y TU SOFTWARE DE PRODUCCI\u00d3N PREFERIDO. <\/span><\/span><\/strong><\/p>\n<hr \/>\n<p>&nbsp;<\/p>\n<p style=\"text-align: center;\"><strong><span style=\"border-image: initial; border: 1px solid white; border-radius: 5px;\"> \u00a0 \u00a0 Te entrenar\u00e1s en... \u00a0 \u00a0 <\/span><\/strong><\/p>\n<p>\u2022 Grabaci\u00f3n<br \/>\n\u2022 Audio y procesamiento de se\u00f1al<br \/>\n\u2022 MIDI (lenguaje inform\u00e1tico para escribir m\u00fasica)<br \/>\n\u2022 Edici\u00f3n de Audio y MIDI<br \/>\n\u2022 S\u00edntesis (dise\u00f1o de sonidos)<br \/>\n\u2022 Instrumentos virtuales<br \/>\n\u2022 Sampling<br \/>\n\u2022 Mezcla<br \/>\n\u2022 Masterizaci\u00f3n<\/p>\n<p>+<\/p>\n<p>\u2022 Publicaci\u00f3n de tu m\u00fasica en las plataformas digitales (Spotify\u00ae, Apple\u00ae Music, etc).<\/p>\n<p>&nbsp;<\/p>\n<hr \/>\n<p>&nbsp;<\/p>\n<p style=\"text-align: center;\"><strong><span style=\"border-image: initial; border: 1px solid white; border-radius: 5px;\"> \u00a0 \u00a0 Training Studio\u00ae te ofrece lecciones online privadas con tu instructor, con... \u00a0 \u00a0<\/span><\/strong><\/p>\n<p>\u2022<strong>Sesiones de producci\u00f3n compartida, en tu software\/DAW preferido:<\/strong><\/p>\n<ul>\n<li style=\"list-style-type: none;\">\n<ul>\n<li>Logic Pro\u2122<\/li>\n<li>Ableton\u2122 Live<\/li>\n<li>Cockos Reaper\u2122<\/li>\n<\/ul>\n<\/li>\n<\/ul>\n<p>&nbsp;<\/p>\n<p>\u2022<strong>Streaming de audio directo en resoluci\u00f3n de 32 bits, durante tu clase.<\/strong><\/p>\n<p>&nbsp;<\/p>\n<hr \/>\n<p>&nbsp;<\/p>","protected":false},"excerpt":{"rendered":"<p>TURN YOUR MUSICAL IDEAS INTO REALITY USING YOUR COMPUTER AND BASIC SOFTWARE &nbsp; \u00a0 \u00a0 You will train in: \u00a0 \u00a0 \u2022 Recording \u2022 Audio &amp; signal routing \u2022 MIDI (computer language for writing music) \u2022 Audio and MIDI editing \u2022 Synthesis (sound design) \u2022 Virtual instruments \u2022 Sampling \u2022 Mixing \u2022 Mastering + \u2022 [&hellip;]<\/p>\n","protected":false},"featured_media":4121,"comment_status":"open","ping_status":"closed","template":"","meta":{"_acf_changed":false},"product_brand":[],"product_cat":[73],"product_tag":[],"class_list":{"0":"post-548","1":"product","2":"type-product","3":"status-publish","4":"has-post-thumbnail","6":"product_cat-training-studio","8":"first","9":"instock","10":"shipping-taxable","11":"purchasable","12":"product-type-variable"},"acf":[],"yoast_head":"<!-- This site is optimized with the Yoast SEO plugin v27.5 - https:\/\/yoast.com\/product\/yoast-seo-wordpress\/ -->\n<title>Logic Pro | Master the best music production tool: Training Studio<\/title>\n<meta name=\"description\" content=\"Learn Logic Pro with our top-rated online courses. Develop professional recording, editing, sampling, mixing and mastering skills.\" \/>\n<meta name=\"robots\" content=\"index, follow, max-snippet:-1, max-image-preview:large, max-video-preview:-1\" \/>\n<link rel=\"canonical\" href=\"https:\/\/polaris-education.net\/es\/producto-2\/clases-produccion-musical-online\/\" \/>\n<meta property=\"og:locale\" content=\"es_ES\" \/>\n<meta property=\"og:type\" content=\"article\" \/>\n<meta property=\"og:title\" content=\"Logic Pro | Master the best music production tool: Training Studio\" \/>\n<meta property=\"og:description\" content=\"Learn Logic Pro with our top-rated online courses. Develop professional recording, editing, sampling, mixing and mastering skills.\" \/>\n<meta property=\"og:url\" content=\"https:\/\/polaris-education.net\/es\/producto-2\/clases-produccion-musical-online\/\" \/>\n<meta property=\"og:site_name\" content=\"Polaris Education\" \/>\n<meta property=\"article:modified_time\" content=\"2024-12-14T20:42:00+00:00\" \/>\n<meta property=\"og:image\" content=\"https:\/\/polaris-education.net\/wp-content\/uploads\/2024\/02\/training-studio-product-image.jpg\" \/>\n\t<meta property=\"og:image:width\" content=\"200\" \/>\n\t<meta property=\"og:image:height\" content=\"200\" \/>\n\t<meta property=\"og:image:type\" content=\"image\/jpeg\" \/>\n<meta name=\"twitter:card\" content=\"summary_large_image\" \/>\n<meta name=\"twitter:label1\" content=\"Tiempo de lectura\" \/>\n\t<meta name=\"twitter:data1\" content=\"1 minuto\" \/>\n<script type=\"application\/ld+json\" class=\"yoast-schema-graph\">{\"@context\":\"https:\\\/\\\/schema.org\",\"@graph\":[{\"@type\":\"WebPage\",\"@id\":\"https:\\\/\\\/polaris-education.net\\\/producto\\\/private-online-music-production-lessons\\\/\",\"url\":\"https:\\\/\\\/polaris-education.net\\\/producto\\\/private-online-music-production-lessons\\\/\",\"name\":\"Logic Pro | Master the best music production tool: Training Studio\",\"isPartOf\":{\"@id\":\"https:\\\/\\\/polaris-education.net\\\/#website\"},\"primaryImageOfPage\":{\"@id\":\"https:\\\/\\\/polaris-education.net\\\/producto\\\/private-online-music-production-lessons\\\/#primaryimage\"},\"image\":{\"@id\":\"https:\\\/\\\/polaris-education.net\\\/producto\\\/private-online-music-production-lessons\\\/#primaryimage\"},\"thumbnailUrl\":\"https:\\\/\\\/polaris-education.net\\\/wp-content\\\/uploads\\\/2024\\\/02\\\/training-studio-product-image.jpg\",\"datePublished\":\"2024-02-07T21:33:20+00:00\",\"dateModified\":\"2024-12-14T20:42:00+00:00\",\"description\":\"Learn Logic Pro with our top-rated online courses. Develop professional recording, editing, sampling, mixing and mastering skills.\",\"breadcrumb\":{\"@id\":\"https:\\\/\\\/polaris-education.net\\\/producto\\\/private-online-music-production-lessons\\\/#breadcrumb\"},\"inLanguage\":\"es\",\"potentialAction\":[{\"@type\":\"ReadAction\",\"target\":[\"https:\\\/\\\/polaris-education.net\\\/producto\\\/private-online-music-production-lessons\\\/\"]}]},{\"@type\":\"ImageObject\",\"inLanguage\":\"es\",\"@id\":\"https:\\\/\\\/polaris-education.net\\\/producto\\\/private-online-music-production-lessons\\\/#primaryimage\",\"url\":\"https:\\\/\\\/polaris-education.net\\\/wp-content\\\/uploads\\\/2024\\\/02\\\/training-studio-product-image.jpg\",\"contentUrl\":\"https:\\\/\\\/polaris-education.net\\\/wp-content\\\/uploads\\\/2024\\\/02\\\/training-studio-product-image.jpg\",\"width\":200,\"height\":200,\"caption\":\"Electrical equipment for music recording and computer monitor with sound mixing tracks on workplace of deejay or modern musician in studio\"},{\"@type\":\"BreadcrumbList\",\"@id\":\"https:\\\/\\\/polaris-education.net\\\/producto\\\/private-online-music-production-lessons\\\/#breadcrumb\",\"itemListElement\":[{\"@type\":\"ListItem\",\"position\":1,\"name\":\"Home\",\"item\":\"https:\\\/\\\/polaris-education.net\\\/\"},{\"@type\":\"ListItem\",\"position\":2,\"name\":\"Tienda\",\"item\":\"https:\\\/\\\/polaris-education.net\\\/tienda\\\/\"},{\"@type\":\"ListItem\",\"position\":3,\"name\":\"Training Studio\u00ae\"}]},{\"@type\":\"WebSite\",\"@id\":\"https:\\\/\\\/polaris-education.net\\\/#website\",\"url\":\"https:\\\/\\\/polaris-education.net\\\/\",\"name\":\"Polaris Education\",\"description\":\"Modern Training for Musical Creation\",\"publisher\":{\"@id\":\"https:\\\/\\\/polaris-education.net\\\/#organization\"},\"potentialAction\":[{\"@type\":\"SearchAction\",\"target\":{\"@type\":\"EntryPoint\",\"urlTemplate\":\"https:\\\/\\\/polaris-education.net\\\/?s={search_term_string}\"},\"query-input\":{\"@type\":\"PropertyValueSpecification\",\"valueRequired\":true,\"valueName\":\"search_term_string\"}}],\"inLanguage\":\"es\"},{\"@type\":\"Organization\",\"@id\":\"https:\\\/\\\/polaris-education.net\\\/#organization\",\"name\":\"Polaris Education\",\"url\":\"https:\\\/\\\/polaris-education.net\\\/\",\"logo\":{\"@type\":\"ImageObject\",\"inLanguage\":\"es\",\"@id\":\"https:\\\/\\\/polaris-education.net\\\/#\\\/schema\\\/logo\\\/image\\\/\",\"url\":\"https:\\\/\\\/polaris-education.net\\\/wp-content\\\/uploads\\\/2024\\\/11\\\/Polaris-Education-Gray-Only-Iso-SMALL.png\",\"contentUrl\":\"https:\\\/\\\/polaris-education.net\\\/wp-content\\\/uploads\\\/2024\\\/11\\\/Polaris-Education-Gray-Only-Iso-SMALL.png\",\"width\":200,\"height\":311,\"caption\":\"Polaris Education\"},\"image\":{\"@id\":\"https:\\\/\\\/polaris-education.net\\\/#\\\/schema\\\/logo\\\/image\\\/\"},\"sameAs\":[\"https:\\\/\\\/www.instagram.com\\\/polaris.education\\\/\",\"https:\\\/\\\/www.youtube.com\\\/channel\\\/UCtUfE4kJqANNnk9GqZtslkg\"]}]}<\/script>\n<!-- \/ Yoast SEO plugin. -->","yoast_head_json":{"title":"Logic Pro | Domina el mejor DAW de producci\u00f3n musical con Training Studio","description":"Aprende Logic Pro al m\u00e1ximo nivel. Conoce t\u00e9cnicas profesionales de grabaci\u00f3n, edici\u00f3n, sampling, mezcla y masterizaci\u00f3n.","robots":{"index":"index","follow":"follow","max-snippet":"max-snippet:-1","max-image-preview":"max-image-preview:large","max-video-preview":"max-video-preview:-1"},"canonical":"https:\/\/polaris-education.net\/es\/producto-2\/clases-produccion-musical-online\/","og_locale":"es_ES","og_type":"article","og_title":"Logic Pro | Master the best music production tool: Training Studio","og_description":"Learn Logic Pro with our top-rated online courses. Develop professional recording, editing, sampling, mixing and mastering skills.","og_url":"https:\/\/polaris-education.net\/es\/producto-2\/clases-produccion-musical-online\/","og_site_name":"Polaris Education","article_modified_time":"2024-12-14T20:42:00+00:00","og_image":[{"width":200,"height":200,"url":"https:\/\/polaris-education.net\/wp-content\/uploads\/2024\/02\/training-studio-product-image.jpg","type":"image\/jpeg"}],"twitter_card":"summary_large_image","twitter_misc":{"Tiempo de lectura":"1 minuto"},"schema":{"@context":"https:\/\/schema.org","@graph":[{"@type":"WebPage","@id":"https:\/\/polaris-education.net\/producto\/private-online-music-production-lessons\/","url":"https:\/\/polaris-education.net\/producto\/private-online-music-production-lessons\/","name":"Logic Pro | Domina el mejor DAW de producci\u00f3n musical con Training Studio","isPartOf":{"@id":"https:\/\/polaris-education.net\/#website"},"primaryImageOfPage":{"@id":"https:\/\/polaris-education.net\/producto\/private-online-music-production-lessons\/#primaryimage"},"image":{"@id":"https:\/\/polaris-education.net\/producto\/private-online-music-production-lessons\/#primaryimage"},"thumbnailUrl":"https:\/\/polaris-education.net\/wp-content\/uploads\/2024\/02\/training-studio-product-image.jpg","datePublished":"2024-02-07T21:33:20+00:00","dateModified":"2024-12-14T20:42:00+00:00","description":"Aprende Logic Pro al m\u00e1ximo nivel. Conoce t\u00e9cnicas profesionales de grabaci\u00f3n, edici\u00f3n, sampling, mezcla y masterizaci\u00f3n.","breadcrumb":{"@id":"https:\/\/polaris-education.net\/producto\/private-online-music-production-lessons\/#breadcrumb"},"inLanguage":"es","potentialAction":[{"@type":"ReadAction","target":["https:\/\/polaris-education.net\/producto\/private-online-music-production-lessons\/"]}]},{"@type":"ImageObject","inLanguage":"es","@id":"https:\/\/polaris-education.net\/producto\/private-online-music-production-lessons\/#primaryimage","url":"https:\/\/polaris-education.net\/wp-content\/uploads\/2024\/02\/training-studio-product-image.jpg","contentUrl":"https:\/\/polaris-education.net\/wp-content\/uploads\/2024\/02\/training-studio-product-image.jpg","width":200,"height":200,"caption":"Electrical equipment for music recording and computer monitor with sound mixing tracks on workplace of deejay or modern musician in studio"},{"@type":"BreadcrumbList","@id":"https:\/\/polaris-education.net\/producto\/private-online-music-production-lessons\/#breadcrumb","itemListElement":[{"@type":"ListItem","position":1,"name":"Home","item":"https:\/\/polaris-education.net\/"},{"@type":"ListItem","position":2,"name":"Tienda","item":"https:\/\/polaris-education.net\/tienda\/"},{"@type":"ListItem","position":3,"name":"Training Studio\u00ae"}]},{"@type":"WebSite","@id":"https:\/\/polaris-education.net\/#website","url":"https:\/\/polaris-education.net\/","name":"Polaris Education","description":"Entrenamiento Moderno en Creaci\u00f3n Musical","publisher":{"@id":"https:\/\/polaris-education.net\/#organization"},"potentialAction":[{"@type":"SearchAction","target":{"@type":"EntryPoint","urlTemplate":"https:\/\/polaris-education.net\/?s={search_term_string}"},"query-input":{"@type":"PropertyValueSpecification","valueRequired":true,"valueName":"search_term_string"}}],"inLanguage":"es"},{"@type":"Organization","@id":"https:\/\/polaris-education.net\/#organization","name":"Polaris Education","url":"https:\/\/polaris-education.net\/","logo":{"@type":"ImageObject","inLanguage":"es","@id":"https:\/\/polaris-education.net\/#\/schema\/logo\/image\/","url":"https:\/\/polaris-education.net\/wp-content\/uploads\/2024\/11\/Polaris-Education-Gray-Only-Iso-SMALL.png","contentUrl":"https:\/\/polaris-education.net\/wp-content\/uploads\/2024\/11\/Polaris-Education-Gray-Only-Iso-SMALL.png","width":200,"height":311,"caption":"Polaris Education"},"image":{"@id":"https:\/\/polaris-education.net\/#\/schema\/logo\/image\/"},"sameAs":["https:\/\/www.instagram.com\/polaris.education\/","https:\/\/www.youtube.com\/channel\/UCtUfE4kJqANNnk9GqZtslkg"]}]}},"_links":{"self":[{"href":"https:\/\/polaris-education.net\/es\/wp-json\/wp\/v2\/product\/548","targetHints":{"allow":["GET"]}}],"collection":[{"href":"https:\/\/polaris-education.net\/es\/wp-json\/wp\/v2\/product"}],"about":[{"href":"https:\/\/polaris-education.net\/es\/wp-json\/wp\/v2\/types\/product"}],"replies":[{"embeddable":true,"href":"https:\/\/polaris-education.net\/es\/wp-json\/wp\/v2\/comments?post=548"}],"wp:featuredmedia":[{"embeddable":true,"href":"https:\/\/polaris-education.net\/es\/wp-json\/wp\/v2\/media\/4121"}],"wp:attachment":[{"href":"https:\/\/polaris-education.net\/es\/wp-json\/wp\/v2\/media?parent=548"}],"wp:term":[{"taxonomy":"product_brand","embeddable":true,"href":"https:\/\/polaris-education.net\/es\/wp-json\/wp\/v2\/product_brand?post=548"},{"taxonomy":"product_cat","embeddable":true,"href":"https:\/\/polaris-education.net\/es\/wp-json\/wp\/v2\/product_cat?post=548"},{"taxonomy":"product_tag","embeddable":true,"href":"https:\/\/polaris-education.net\/es\/wp-json\/wp\/v2\/product_tag?post=548"}],"curies":[{"name":"wp","href":"https:\/\/api.w.org\/{rel}","templated":true}]}}