{"id":524,"date":"2024-02-07T20:33:44","date_gmt":"2024-02-07T20:33:44","guid":{"rendered":"https:\/\/polaris.googlebuho.com\/?post_type=product&#038;p=524"},"modified":"2024-12-14T20:45:17","modified_gmt":"2024-12-14T20:45:17","slug":"clases-piano-online-keyslab","status":"publish","type":"product","link":"https:\/\/polaris-education.net\/es\/producto\/private-online-piano-keyboards-lessons-keyslab\/","title":{"rendered":"KeysLab\u00ae"},"content":{"rendered":"<p style=\"text-align: center;\"><strong><span style=\"color: #3137fd;\"> <span style=\"font-size: large;\"> RECURSOS INTERACTIVOS PARA TU APRENDIZAJE, PR\u00c1CTICA Y AUTO-EVALUACI\u00d3N. \n DISE\u00d1ADOS A TUS NECESIDADES <\/span><\/span><\/strong><\/p>\n<hr \/>\n<p>&nbsp;<\/p>\n<p><strong><u>KeysLab\u00ae te ofrece lecciones online en vivo personalizadas, con...<\/u><\/strong><\/p>\n<p>\u2022 <strong>Escenas multi-c\u00e1mara en resoluci\u00f3n 4K:<\/strong> Visi\u00f3n detallada de la t\u00e9cnica en el instrumento.<\/p>\n<p>\u2022 <strong>Vistas en tiempo real de:<\/strong><\/p>\n<ul>\n<li style=\"list-style-type: none;\">\n<ul>\n<li>ActivePiano\u2122: Te muestra qu\u00e9 teclas presionar en el instrumento.<\/li>\n<li>Diagramas para explicaci\u00f3n instant\u00e1nea:  tu \"mapa\" musical, en tiempo real.<\/li>\n<li>Streaming de audio directo en resoluci\u00f3n de 32 bits, durante tu clase.<\/li>\n<\/ul>\n<\/li>\n<\/ul>\n<p>&nbsp;<\/p>\n<hr \/>\n<p>&nbsp;<\/p>\n<p style=\"text-align: center;\"><strong><span style=\"border-image: initial; border: 1px solid white; border-radius: 5px;\"> \u00a0 \u00a0 Cada lecci\u00f3n se adapta a tus necesidades y nivel \u00a0 \u00a0 <\/span><\/strong><\/p>\n<p><strong>Aprender\u00e1s:<\/strong><\/p>\n<p>\u2022 Anatom\u00eda mel\u00f3dica y arm\u00f3nica del piano<br \/>\n\u2022 Construcci\u00f3n de acordes<br \/>\n\u2022 Teor\u00eda Musical aplicada, con recursos 100% interactivos y asistidos por Inteligencia Artificial (IA)<br \/>\n\u2022 An\u00e1lisis de tus estilos musicales favoritos, con tips de composici\u00f3n.<br \/>\n\u2022 Progresiones arm\u00f3nicas | manejo de las voces cordales (voice-leading)<br \/>\n\u2022 Escalas y Modos<br \/>\n\u2022 Relaci\u00f3n escala \/ acorde<br \/>\n\u2022 T\u00e9cnica<br \/>\n\u2022 Entrenamiento del O\u00eddo, con ejercicios asistidos por IA para practicar en casa.<\/p>\n<p>&nbsp;<\/p>\n<hr \/>\n<p>&nbsp;<\/p>\n<p style=\"text-align: center;\"><strong><span style=\"border-image: initial; border: 1px solid white; border-radius: 5px;\"> \u00a0 \u00a0 Luego de cada lecci\u00f3n, recibir\u00e1s en tu Polaris Notebook personal los contenidos para... \u00a0 \u00a0 <\/span><\/strong><\/p>\n<p>\u2022 <strong>Estudiar<\/strong><\/p>\n<ul>\n<li style=\"list-style-type: none;\">\n<ul>\n<li>Resumen de tu clase en video de alta resoluci\u00f3n (HD 1080p)<\/li>\n<li>Contenidos de tu lecci\u00f3n <span style=\"font-size: small;\">( formato: Keys Pro\u2122 ) *<\/span><\/li>\n<li>Material gr\u00e1fico en formato PDF<\/li>\n<\/ul>\n<\/li>\n<\/ul>\n<p>&nbsp;<\/p>\n<p>\u2022 <strong>Practicar<\/strong><\/p>\n<ul>\n<li style=\"list-style-type: none;\">\n<ul>\n<li>Video <em>backing tracks<\/em> <span style=\"font-size: small;\">( formato: Band-In-A-Box\u2122 )<\/span><\/li>\n<\/ul>\n<\/li>\n<\/ul>\n<p>&nbsp;<\/p>\n<p>\u2022 <strong>Material 100% interactivo para tus asignaciones + autoevaluaci\u00f3n<\/strong><\/p>\n<ul>\n<li style=\"list-style-type: none;\">\n<ul>\n<li>Ejercicios personalizados, basados en tu lecci\u00f3n <span style=\"font-size: small;\">( formato: Keys Pro\u2122 ) *<\/span><\/li>\n<\/ul>\n<\/li>\n<\/ul>\n<ul>\n<li style=\"list-style-type: none;\">\n<ul>\n<li>Ejercicios de entrenamiento del o\u00eddo, basados en tus requerimientos <span style=\"font-size: small;\">( formato: EarMaster\u2122 ) *<\/span><\/li>\n<\/ul>\n<\/li>\n<\/ul>\n<p>&nbsp;<\/p>\n<p><span style=\"font-size: small;\">* Tus licencias de software <strong>Keys Pro\u2122<\/strong> y <strong>EarMaster\u2122<\/strong> se encuentran incluidas en tu curso.<\/span><\/p>\n<p>&nbsp;<\/p>\n<hr \/>\n<p>&nbsp;<\/p>","protected":false},"excerpt":{"rendered":"<p>INTERACTIVE RESOURCES FOR YOUR LEARNING, PRACTICE AND SELF-ASSESSMENT DESIGNED TO SUIT YOUR NEEDS &nbsp; KeysLab\u00ae offers you live online one-to-one lessons, with&#8230; \u2022 Multi-camera shots in 4K resolution: detailed view of the technique on the instrument. \u2022 Real-time view of: ActivePiano\u2122: Shows you where to place your fingers on the instrument. Diagrams for quick reference [&hellip;]<\/p>\n","protected":false},"featured_media":4119,"comment_status":"open","ping_status":"closed","template":"","meta":{"_acf_changed":false},"product_brand":[],"product_cat":[71],"product_tag":[],"class_list":{"0":"post-524","1":"product","2":"type-product","3":"status-publish","4":"has-post-thumbnail","6":"product_cat-keyslab","8":"first","9":"instock","10":"shipping-taxable","11":"purchasable","12":"product-type-variable"},"acf":[],"yoast_head":"<!-- This site is optimized with the Yoast SEO plugin v27.5 - https:\/\/yoast.com\/product\/yoast-seo-wordpress\/ -->\n<title>Online piano lessons with top-tier instructors &amp; AI tools | KeysLab<\/title>\n<meta name=\"description\" content=\"Learn piano or keyboards with the best one-on-one online courses and AI-powered tools. Master harmony, chord construction and applied music theory.\" \/>\n<meta name=\"robots\" content=\"index, follow, max-snippet:-1, max-image-preview:large, max-video-preview:-1\" \/>\n<link rel=\"canonical\" href=\"https:\/\/polaris-education.net\/es\/producto-2\/clases-piano-online-keyslab\/\" \/>\n<meta property=\"og:locale\" content=\"es_ES\" \/>\n<meta property=\"og:type\" content=\"article\" \/>\n<meta property=\"og:title\" content=\"Online piano lessons with top-tier instructors &amp; AI tools | KeysLab\" \/>\n<meta property=\"og:description\" content=\"Learn piano or keyboards with the best one-on-one online courses and AI-powered tools. Master harmony, chord construction and applied music theory.\" \/>\n<meta property=\"og:url\" content=\"https:\/\/polaris-education.net\/es\/producto-2\/clases-piano-online-keyslab\/\" \/>\n<meta property=\"og:site_name\" content=\"Polaris Education\" \/>\n<meta property=\"article:modified_time\" content=\"2024-12-14T20:45:17+00:00\" \/>\n<meta property=\"og:image\" content=\"https:\/\/polaris-education.net\/wp-content\/uploads\/2024\/02\/keyslab-product-image.jpg\" \/>\n\t<meta property=\"og:image:width\" content=\"300\" \/>\n\t<meta property=\"og:image:height\" content=\"300\" \/>\n\t<meta property=\"og:image:type\" content=\"image\/jpeg\" \/>\n<meta name=\"twitter:card\" content=\"summary_large_image\" \/>\n<meta name=\"twitter:label1\" content=\"Tiempo de lectura\" \/>\n\t<meta name=\"twitter:data1\" content=\"2 minutos\" \/>\n<script type=\"application\/ld+json\" class=\"yoast-schema-graph\">{\"@context\":\"https:\\\/\\\/schema.org\",\"@graph\":[{\"@type\":\"WebPage\",\"@id\":\"https:\\\/\\\/polaris-education.net\\\/producto\\\/private-online-piano-keyboards-lessons-keyslab\\\/\",\"url\":\"https:\\\/\\\/polaris-education.net\\\/producto\\\/private-online-piano-keyboards-lessons-keyslab\\\/\",\"name\":\"Online piano lessons with top-tier instructors & AI tools | KeysLab\",\"isPartOf\":{\"@id\":\"https:\\\/\\\/polaris-education.net\\\/#website\"},\"primaryImageOfPage\":{\"@id\":\"https:\\\/\\\/polaris-education.net\\\/producto\\\/private-online-piano-keyboards-lessons-keyslab\\\/#primaryimage\"},\"image\":{\"@id\":\"https:\\\/\\\/polaris-education.net\\\/producto\\\/private-online-piano-keyboards-lessons-keyslab\\\/#primaryimage\"},\"thumbnailUrl\":\"https:\\\/\\\/polaris-education.net\\\/wp-content\\\/uploads\\\/2024\\\/02\\\/keyslab-product-image.jpg\",\"datePublished\":\"2024-02-07T20:33:44+00:00\",\"dateModified\":\"2024-12-14T20:45:17+00:00\",\"description\":\"Learn piano or keyboards with the best one-on-one online courses and AI-powered tools. Master harmony, chord construction and applied music theory.\",\"breadcrumb\":{\"@id\":\"https:\\\/\\\/polaris-education.net\\\/producto\\\/private-online-piano-keyboards-lessons-keyslab\\\/#breadcrumb\"},\"inLanguage\":\"es\",\"potentialAction\":[{\"@type\":\"ReadAction\",\"target\":[\"https:\\\/\\\/polaris-education.net\\\/producto\\\/private-online-piano-keyboards-lessons-keyslab\\\/\"]}]},{\"@type\":\"ImageObject\",\"inLanguage\":\"es\",\"@id\":\"https:\\\/\\\/polaris-education.net\\\/producto\\\/private-online-piano-keyboards-lessons-keyslab\\\/#primaryimage\",\"url\":\"https:\\\/\\\/polaris-education.net\\\/wp-content\\\/uploads\\\/2024\\\/02\\\/keyslab-product-image.jpg\",\"contentUrl\":\"https:\\\/\\\/polaris-education.net\\\/wp-content\\\/uploads\\\/2024\\\/02\\\/keyslab-product-image.jpg\",\"width\":300,\"height\":300,\"caption\":\"Best online piano course.\"},{\"@type\":\"BreadcrumbList\",\"@id\":\"https:\\\/\\\/polaris-education.net\\\/producto\\\/private-online-piano-keyboards-lessons-keyslab\\\/#breadcrumb\",\"itemListElement\":[{\"@type\":\"ListItem\",\"position\":1,\"name\":\"Home\",\"item\":\"https:\\\/\\\/polaris-education.net\\\/\"},{\"@type\":\"ListItem\",\"position\":2,\"name\":\"Tienda\",\"item\":\"https:\\\/\\\/polaris-education.net\\\/tienda\\\/\"},{\"@type\":\"ListItem\",\"position\":3,\"name\":\"KeysLab\u00ae\"}]},{\"@type\":\"WebSite\",\"@id\":\"https:\\\/\\\/polaris-education.net\\\/#website\",\"url\":\"https:\\\/\\\/polaris-education.net\\\/\",\"name\":\"Polaris Education\",\"description\":\"Modern Training for Musical Creation\",\"publisher\":{\"@id\":\"https:\\\/\\\/polaris-education.net\\\/#organization\"},\"potentialAction\":[{\"@type\":\"SearchAction\",\"target\":{\"@type\":\"EntryPoint\",\"urlTemplate\":\"https:\\\/\\\/polaris-education.net\\\/?s={search_term_string}\"},\"query-input\":{\"@type\":\"PropertyValueSpecification\",\"valueRequired\":true,\"valueName\":\"search_term_string\"}}],\"inLanguage\":\"es\"},{\"@type\":\"Organization\",\"@id\":\"https:\\\/\\\/polaris-education.net\\\/#organization\",\"name\":\"Polaris Education\",\"url\":\"https:\\\/\\\/polaris-education.net\\\/\",\"logo\":{\"@type\":\"ImageObject\",\"inLanguage\":\"es\",\"@id\":\"https:\\\/\\\/polaris-education.net\\\/#\\\/schema\\\/logo\\\/image\\\/\",\"url\":\"https:\\\/\\\/polaris-education.net\\\/wp-content\\\/uploads\\\/2024\\\/11\\\/Polaris-Education-Gray-Only-Iso-SMALL.png\",\"contentUrl\":\"https:\\\/\\\/polaris-education.net\\\/wp-content\\\/uploads\\\/2024\\\/11\\\/Polaris-Education-Gray-Only-Iso-SMALL.png\",\"width\":200,\"height\":311,\"caption\":\"Polaris Education\"},\"image\":{\"@id\":\"https:\\\/\\\/polaris-education.net\\\/#\\\/schema\\\/logo\\\/image\\\/\"},\"sameAs\":[\"https:\\\/\\\/www.instagram.com\\\/polaris.education\\\/\",\"https:\\\/\\\/www.youtube.com\\\/channel\\\/UCtUfE4kJqANNnk9GqZtslkg\"]}]}<\/script>\n<!-- \/ Yoast SEO plugin. -->","yoast_head_json":{"title":"Las mejores clases de piano online | KeysLab","description":"Aprende piano con los mejores cursos online y recursos de IA. Domina armon\u00eda, construcci\u00f3n  de acordes, solos y teor\u00eda musical aplicada al piano.","robots":{"index":"index","follow":"follow","max-snippet":"max-snippet:-1","max-image-preview":"max-image-preview:large","max-video-preview":"max-video-preview:-1"},"canonical":"https:\/\/polaris-education.net\/es\/producto-2\/clases-piano-online-keyslab\/","og_locale":"es_ES","og_type":"article","og_title":"Online piano lessons with top-tier instructors & AI tools | KeysLab","og_description":"Learn piano or keyboards with the best one-on-one online courses and AI-powered tools. Master harmony, chord construction and applied music theory.","og_url":"https:\/\/polaris-education.net\/es\/producto-2\/clases-piano-online-keyslab\/","og_site_name":"Polaris Education","article_modified_time":"2024-12-14T20:45:17+00:00","og_image":[{"width":300,"height":300,"url":"https:\/\/polaris-education.net\/wp-content\/uploads\/2024\/02\/keyslab-product-image.jpg","type":"image\/jpeg"}],"twitter_card":"summary_large_image","twitter_misc":{"Tiempo de lectura":"2 minutos"},"schema":{"@context":"https:\/\/schema.org","@graph":[{"@type":"WebPage","@id":"https:\/\/polaris-education.net\/producto\/private-online-piano-keyboards-lessons-keyslab\/","url":"https:\/\/polaris-education.net\/producto\/private-online-piano-keyboards-lessons-keyslab\/","name":"Las mejores clases de piano online | KeysLab","isPartOf":{"@id":"https:\/\/polaris-education.net\/#website"},"primaryImageOfPage":{"@id":"https:\/\/polaris-education.net\/producto\/private-online-piano-keyboards-lessons-keyslab\/#primaryimage"},"image":{"@id":"https:\/\/polaris-education.net\/producto\/private-online-piano-keyboards-lessons-keyslab\/#primaryimage"},"thumbnailUrl":"https:\/\/polaris-education.net\/wp-content\/uploads\/2024\/02\/keyslab-product-image.jpg","datePublished":"2024-02-07T20:33:44+00:00","dateModified":"2024-12-14T20:45:17+00:00","description":"Aprende piano con los mejores cursos online y recursos de IA. Domina armon\u00eda, construcci\u00f3n  de acordes, solos y teor\u00eda musical aplicada al piano.","breadcrumb":{"@id":"https:\/\/polaris-education.net\/producto\/private-online-piano-keyboards-lessons-keyslab\/#breadcrumb"},"inLanguage":"es","potentialAction":[{"@type":"ReadAction","target":["https:\/\/polaris-education.net\/producto\/private-online-piano-keyboards-lessons-keyslab\/"]}]},{"@type":"ImageObject","inLanguage":"es","@id":"https:\/\/polaris-education.net\/producto\/private-online-piano-keyboards-lessons-keyslab\/#primaryimage","url":"https:\/\/polaris-education.net\/wp-content\/uploads\/2024\/02\/keyslab-product-image.jpg","contentUrl":"https:\/\/polaris-education.net\/wp-content\/uploads\/2024\/02\/keyslab-product-image.jpg","width":300,"height":300,"caption":"Best online piano course."},{"@type":"BreadcrumbList","@id":"https:\/\/polaris-education.net\/producto\/private-online-piano-keyboards-lessons-keyslab\/#breadcrumb","itemListElement":[{"@type":"ListItem","position":1,"name":"Home","item":"https:\/\/polaris-education.net\/"},{"@type":"ListItem","position":2,"name":"Tienda","item":"https:\/\/polaris-education.net\/tienda\/"},{"@type":"ListItem","position":3,"name":"KeysLab\u00ae"}]},{"@type":"WebSite","@id":"https:\/\/polaris-education.net\/#website","url":"https:\/\/polaris-education.net\/","name":"Polaris Education","description":"Entrenamiento Moderno en Creaci\u00f3n Musical","publisher":{"@id":"https:\/\/polaris-education.net\/#organization"},"potentialAction":[{"@type":"SearchAction","target":{"@type":"EntryPoint","urlTemplate":"https:\/\/polaris-education.net\/?s={search_term_string}"},"query-input":{"@type":"PropertyValueSpecification","valueRequired":true,"valueName":"search_term_string"}}],"inLanguage":"es"},{"@type":"Organization","@id":"https:\/\/polaris-education.net\/#organization","name":"Polaris Education","url":"https:\/\/polaris-education.net\/","logo":{"@type":"ImageObject","inLanguage":"es","@id":"https:\/\/polaris-education.net\/#\/schema\/logo\/image\/","url":"https:\/\/polaris-education.net\/wp-content\/uploads\/2024\/11\/Polaris-Education-Gray-Only-Iso-SMALL.png","contentUrl":"https:\/\/polaris-education.net\/wp-content\/uploads\/2024\/11\/Polaris-Education-Gray-Only-Iso-SMALL.png","width":200,"height":311,"caption":"Polaris Education"},"image":{"@id":"https:\/\/polaris-education.net\/#\/schema\/logo\/image\/"},"sameAs":["https:\/\/www.instagram.com\/polaris.education\/","https:\/\/www.youtube.com\/channel\/UCtUfE4kJqANNnk9GqZtslkg"]}]}},"_links":{"self":[{"href":"https:\/\/polaris-education.net\/es\/wp-json\/wp\/v2\/product\/524","targetHints":{"allow":["GET"]}}],"collection":[{"href":"https:\/\/polaris-education.net\/es\/wp-json\/wp\/v2\/product"}],"about":[{"href":"https:\/\/polaris-education.net\/es\/wp-json\/wp\/v2\/types\/product"}],"replies":[{"embeddable":true,"href":"https:\/\/polaris-education.net\/es\/wp-json\/wp\/v2\/comments?post=524"}],"wp:featuredmedia":[{"embeddable":true,"href":"https:\/\/polaris-education.net\/es\/wp-json\/wp\/v2\/media\/4119"}],"wp:attachment":[{"href":"https:\/\/polaris-education.net\/es\/wp-json\/wp\/v2\/media?parent=524"}],"wp:term":[{"taxonomy":"product_brand","embeddable":true,"href":"https:\/\/polaris-education.net\/es\/wp-json\/wp\/v2\/product_brand?post=524"},{"taxonomy":"product_cat","embeddable":true,"href":"https:\/\/polaris-education.net\/es\/wp-json\/wp\/v2\/product_cat?post=524"},{"taxonomy":"product_tag","embeddable":true,"href":"https:\/\/polaris-education.net\/es\/wp-json\/wp\/v2\/product_tag?post=524"}],"curies":[{"name":"wp","href":"https:\/\/api.w.org\/{rel}","templated":true}]}}