{"id":2622,"date":"2024-04-19T14:30:27","date_gmt":"2024-04-19T14:30:27","guid":{"rendered":"https:\/\/polaris-education.net\/?post_type=product&#038;p=2622"},"modified":"2024-12-20T20:21:05","modified_gmt":"2024-12-20T20:21:05","slug":"curso-reaper-basico-avanzado","status":"publish","type":"product","link":"https:\/\/polaris-education.net\/es\/producto\/reaper-course-basic-to-advanced\/","title":{"rendered":"Training Studio\u00ae Full Courses: Cockos Reaper\u2122"},"content":{"rendered":"<p style=\"text-align: left;\"><strong><span style=\"color: #3137fd;\"> <span style=\"font-size: 30px;\">Training Studio\u00ae <b>| <\/b>Cockos Reaper\u2122 <b>|<\/b><\/span><\/span><\/strong><\/p>\n<p><strong><span style=\"border-image: initial; border: 1px solid white; border-radius: 5px;\"> \u00a0 \u00a0 B\u00e1sico \u00a0 \u00a0 <\/span><\/strong><\/p>\n<p><i class=\"icon icon-music-player\" aria-hidden=\"true\"><\/i> Introducci\u00f3n a Reaper: Generalidades, instalaci\u00f3n y configuraci\u00f3n inicial<br \/>\n<i class=\"icon icon-music-player\" aria-hidden=\"true\"><\/i> Navegaci\u00f3n de la interfaz gr\u00e1fica: Ventana principal. Herramientas y men\u00fas<br \/>\n<i class=\"icon icon-music-player\" aria-hidden=\"true\"><\/i> Configuraci\u00f3n b\u00e1sica del Proyecto<br \/>\n<i class=\"icon icon-music-player\" aria-hidden=\"true\"><\/i> Pistas: Creaci\u00f3n, configuraci\u00f3n y manejo<br \/>\n<i class=\"icon icon-music-player\" aria-hidden=\"true\"><\/i> Grabaci\u00f3n de Audio<\/p>\n<details>\n<summary><u>Ver detalles<\/u><\/summary>\n<p>&nbsp;<\/p>\n<div><i class=\"icon icon-music-player\" aria-hidden=\"true\"><\/i> MIDI en Reaper, pt. 1<\/div>\n<div><i class=\"icon icon-music-player\" aria-hidden=\"true\"><\/i> Edici\u00f3n de Audio<\/div>\n<div><i class=\"icon icon-music-player\" aria-hidden=\"true\"><\/i> Edici\u00f3n de MIDI<\/div>\n<div><i class=\"icon icon-music-player\" aria-hidden=\"true\"><\/i> Uso de Efectos y Plugins: Nativos y Externos<\/div>\n<div><i class=\"icon icon-music-player\" aria-hidden=\"true\"><\/i> T\u00e9cnicas b\u00e1sicas de Mezcla: Balance, Paneo, EQ &amp; Din\u00e1mica, pt. 1<\/div>\n<div><i class=\"icon icon-music-player\" aria-hidden=\"true\"><\/i> Exportaci\u00f3n del Proyecto<\/div>\n<div><i class=\"icon icon-music-player\" aria-hidden=\"true\"><\/i> Manejo del Proyecto. Organizaci\u00f3n de archivos. Plantillas de Proyecto<\/div>\n<\/details>\n<p>&nbsp;<\/p>\n<hr \/>\n<p>&nbsp;<\/p>\n<p><strong><span style=\"border-image: initial; border: 1px solid white; border-radius: 5px;\"> \u00a0 \u00a0 Intermedio \u00a0 \u00a0 <\/span><\/strong><\/p>\n<p><i class=\"icon icon-music-player\" aria-hidden=\"true\"><\/i> Manejo de Pistas: Plantillas. Grupo. Enrutamiento.<br \/>\n<i class=\"icon icon-music-player\" aria-hidden=\"true\"><\/i> Edici\u00f3n Avanzada de MIDI<br \/>\n<i class=\"icon icon-music-player\" aria-hidden=\"true\"><\/i> T\u00e9cnicas de Edici\u00f3n de Audio: Time-stretching &amp; Pitch-shifting. Edici\u00f3n espectral<br \/>\n<i class=\"icon icon-music-player\" aria-hidden=\"true\"><\/i> Instrumentos Virtuales<br \/>\n<i class=\"icon icon-music-player\" aria-hidden=\"true\"><\/i> Efectos y Procesamiento de se\u00f1al: avanzado<\/p>\n<details>\n<summary><u>Ver detalles<\/u><\/summary>\n<p>&nbsp;<\/p>\n<div><i class=\"icon icon-music-player\" aria-hidden=\"true\"><\/i> Automatizaci\u00f3n: de Pista vs. de Item<\/div>\n<div><i class=\"icon icon-music-player\" aria-hidden=\"true\"><\/i> Mezcla y Balance: Delay y Reverb<\/div>\n<div><i class=\"icon icon-music-player\" aria-hidden=\"true\"><\/i> ReaScripts<\/div>\n<div><i class=\"icon icon-music-player\" aria-hidden=\"true\"><\/i> Personalizaci\u00f3n del aspecto visual y del flujo de trabajo<\/div>\n<div><i class=\"icon icon-music-player\" aria-hidden=\"true\"><\/i> Trabajo colaborativo<\/div>\n<div><i class=\"icon icon-music-player\" aria-hidden=\"true\"><\/i> Manejo avanzado del Proyecto<\/div>\n<div><i class=\"icon icon-music-player\" aria-hidden=\"true\"><\/i> Masterizaci\u00f3n en Reaper: Introducci\u00f3n<\/div>\n<\/details>\n<p>&nbsp;<\/p>\n<hr \/>\n<p>&nbsp;<\/p>\n<p><strong><span style=\"border-image: initial; border: 1px solid white; border-radius: 5px;\"> \u00a0 \u00a0 Avanzado \u00a0 \u00a0 <\/span><\/strong><\/p>\n<p><i class=\"icon icon-music-player\" aria-hidden=\"true\"><\/i> T\u00e9cnicas avanzadas de Grabaci\u00f3n<br \/>\n<i class=\"icon icon-music-player\" aria-hidden=\"true\"><\/i> Dise\u00f1o de Sonidos<br \/>\n<i class=\"icon icon-music-player\" aria-hidden=\"true\"><\/i> T\u00e9cnicas avanzadas de Mezcla: Procesamiento Mid\/Side. Surround<br \/>\n<i class=\"icon icon-music-player\" aria-hidden=\"true\"><\/i> Automatizaci\u00f3n y Modulaci\u00f3n profundas: LFOs. Curvas de automatizaci\u00f3n<br \/>\n<i class=\"icon icon-music-player\" aria-hidden=\"true\"><\/i> Usando hardware externo<\/p>\n<details>\n<summary><u>Ver detalles<\/u><\/summary>\n<p>&nbsp;<\/p>\n<div><i class=\"icon icon-music-player\" aria-hidden=\"true\"><\/i> Scripting y Acciones personalizadas. Programaci\u00f3n profunda de ReaScripts<\/div>\n<div><i class=\"icon icon-music-player\" aria-hidden=\"true\"><\/i> T\u00e9cnicas avanzadas de Mezcla Din\u00e1mica, pt. 1: Compresi\u00f3n en Sidechain &amp; EQ Din\u00e1mica<\/div>\n<div><i class=\"icon icon-music-player\" aria-hidden=\"true\"><\/i> T\u00e9cnicas avanzadas de Mezcla Din\u00e1mica, pt. 2: Transitorios<\/div>\n<div><i class=\"icon icon-music-player\" aria-hidden=\"true\"><\/i> Reparaci\u00f3n espectral, alineaci\u00f3n del tiempo y manipulaci\u00f3n creativa del Audio<\/div>\n<div><i class=\"icon icon-music-player\" aria-hidden=\"true\"><\/i> Masterizaci\u00f3n a diferentes formatos<\/div>\n<div><i class=\"icon icon-music-player\" aria-hidden=\"true\"><\/i> Creaci\u00f3n de m\u00fasica para Video + Sincronizaci\u00f3n<\/div>\n<div><i class=\"icon icon-music-player\" aria-hidden=\"true\"><\/i> Soluci\u00f3n de problemas. Optimizaci\u00f3n<\/div>\n<div><i class=\"icon icon-music-player\" aria-hidden=\"true\"><\/i> Tips y trucos de expertos:  Funciones ocultas. Enrutamiento avanzado.<\/div>\n<div><\/div>\n<\/details>\n<p>&nbsp;<\/p>","protected":false},"excerpt":{"rendered":"<p>Training Studio\u00ae | Cockos Reaper\u2122 | \u00a0 \u00a0 Basic \u00a0 \u00a0 Introduction to Reaper: Overview, installation and initial setup Navigating the Interface: The main window. Toolbars and menus Basic Project Setup Tracks: Creation, setup &amp; management Recording Audio See more &nbsp; Working with MIDI, pt. 1 Editing Audio Editing MIDI Using Effects and Plugins: Built-in [&hellip;]<\/p>\n","protected":false},"featured_media":4121,"comment_status":"open","ping_status":"closed","template":"","meta":{"_acf_changed":false},"product_brand":[],"product_cat":[20],"product_tag":[],"class_list":{"0":"post-2622","1":"product","2":"type-product","3":"status-publish","4":"has-post-thumbnail","6":"product_cat-sin-categorizar","8":"first","9":"instock","10":"shipping-taxable","11":"purchasable","12":"product-type-variable","13":"has-default-attributes"},"acf":[],"yoast_head":"<!-- This site is optimized with the Yoast SEO plugin v27.5 - https:\/\/yoast.com\/product\/yoast-seo-wordpress\/ -->\n<title>REAPER music production courses, all levels | Polaris Education<\/title>\n<meta name=\"description\" content=\"Learn REAPER with our top-rated online music production courses. Beginner, intermediate and advanced programs available.\" \/>\n<meta name=\"robots\" content=\"index, follow, max-snippet:-1, max-image-preview:large, max-video-preview:-1\" \/>\n<link rel=\"canonical\" href=\"https:\/\/polaris-education.net\/es\/producto-2\/curso-reaper-basico-avanzado\/\" \/>\n<meta property=\"og:locale\" content=\"es_ES\" \/>\n<meta property=\"og:type\" content=\"article\" \/>\n<meta property=\"og:title\" content=\"REAPER music production courses, all levels | Polaris Education\" \/>\n<meta property=\"og:description\" content=\"Learn REAPER with our top-rated online music production courses. Beginner, intermediate and advanced programs available.\" \/>\n<meta property=\"og:url\" content=\"https:\/\/polaris-education.net\/es\/producto-2\/curso-reaper-basico-avanzado\/\" \/>\n<meta property=\"og:site_name\" content=\"Polaris Education\" \/>\n<meta property=\"article:modified_time\" content=\"2024-12-20T20:21:05+00:00\" \/>\n<meta property=\"og:image\" content=\"https:\/\/polaris-education.net\/wp-content\/uploads\/2024\/02\/training-studio-product-image.jpg\" \/>\n\t<meta property=\"og:image:width\" content=\"200\" \/>\n\t<meta property=\"og:image:height\" content=\"200\" \/>\n\t<meta property=\"og:image:type\" content=\"image\/jpeg\" \/>\n<meta name=\"twitter:card\" content=\"summary_large_image\" \/>\n<meta name=\"twitter:label1\" content=\"Tiempo de lectura\" \/>\n\t<meta name=\"twitter:data1\" content=\"2 minutos\" \/>\n<script type=\"application\/ld+json\" class=\"yoast-schema-graph\">{\"@context\":\"https:\\\/\\\/schema.org\",\"@graph\":[{\"@type\":\"WebPage\",\"@id\":\"https:\\\/\\\/polaris-education.net\\\/producto\\\/reaper-course-basic-to-advanced\\\/\",\"url\":\"https:\\\/\\\/polaris-education.net\\\/producto\\\/reaper-course-basic-to-advanced\\\/\",\"name\":\"REAPER music production courses, all levels | Polaris Education\",\"isPartOf\":{\"@id\":\"https:\\\/\\\/polaris-education.net\\\/#website\"},\"primaryImageOfPage\":{\"@id\":\"https:\\\/\\\/polaris-education.net\\\/producto\\\/reaper-course-basic-to-advanced\\\/#primaryimage\"},\"image\":{\"@id\":\"https:\\\/\\\/polaris-education.net\\\/producto\\\/reaper-course-basic-to-advanced\\\/#primaryimage\"},\"thumbnailUrl\":\"https:\\\/\\\/polaris-education.net\\\/wp-content\\\/uploads\\\/2024\\\/02\\\/training-studio-product-image.jpg\",\"datePublished\":\"2024-04-19T14:30:27+00:00\",\"dateModified\":\"2024-12-20T20:21:05+00:00\",\"description\":\"Learn REAPER with our top-rated online music production courses. Beginner, intermediate and advanced programs available.\",\"breadcrumb\":{\"@id\":\"https:\\\/\\\/polaris-education.net\\\/producto\\\/reaper-course-basic-to-advanced\\\/#breadcrumb\"},\"inLanguage\":\"es\",\"potentialAction\":[{\"@type\":\"ReadAction\",\"target\":[\"https:\\\/\\\/polaris-education.net\\\/producto\\\/reaper-course-basic-to-advanced\\\/\"]}]},{\"@type\":\"ImageObject\",\"inLanguage\":\"es\",\"@id\":\"https:\\\/\\\/polaris-education.net\\\/producto\\\/reaper-course-basic-to-advanced\\\/#primaryimage\",\"url\":\"https:\\\/\\\/polaris-education.net\\\/wp-content\\\/uploads\\\/2024\\\/02\\\/training-studio-product-image.jpg\",\"contentUrl\":\"https:\\\/\\\/polaris-education.net\\\/wp-content\\\/uploads\\\/2024\\\/02\\\/training-studio-product-image.jpg\",\"width\":200,\"height\":200,\"caption\":\"Electrical equipment for music recording and computer monitor with sound mixing tracks on workplace of deejay or modern musician in studio\"},{\"@type\":\"BreadcrumbList\",\"@id\":\"https:\\\/\\\/polaris-education.net\\\/producto\\\/reaper-course-basic-to-advanced\\\/#breadcrumb\",\"itemListElement\":[{\"@type\":\"ListItem\",\"position\":1,\"name\":\"Home\",\"item\":\"https:\\\/\\\/polaris-education.net\\\/\"},{\"@type\":\"ListItem\",\"position\":2,\"name\":\"Tienda\",\"item\":\"https:\\\/\\\/polaris-education.net\\\/tienda\\\/\"},{\"@type\":\"ListItem\",\"position\":3,\"name\":\"Training Studio\u00ae Full Courses: Cockos Reaper\u2122\"}]},{\"@type\":\"WebSite\",\"@id\":\"https:\\\/\\\/polaris-education.net\\\/#website\",\"url\":\"https:\\\/\\\/polaris-education.net\\\/\",\"name\":\"Polaris Education\",\"description\":\"Modern Training for Musical Creation\",\"publisher\":{\"@id\":\"https:\\\/\\\/polaris-education.net\\\/#organization\"},\"potentialAction\":[{\"@type\":\"SearchAction\",\"target\":{\"@type\":\"EntryPoint\",\"urlTemplate\":\"https:\\\/\\\/polaris-education.net\\\/?s={search_term_string}\"},\"query-input\":{\"@type\":\"PropertyValueSpecification\",\"valueRequired\":true,\"valueName\":\"search_term_string\"}}],\"inLanguage\":\"es\"},{\"@type\":\"Organization\",\"@id\":\"https:\\\/\\\/polaris-education.net\\\/#organization\",\"name\":\"Polaris Education\",\"url\":\"https:\\\/\\\/polaris-education.net\\\/\",\"logo\":{\"@type\":\"ImageObject\",\"inLanguage\":\"es\",\"@id\":\"https:\\\/\\\/polaris-education.net\\\/#\\\/schema\\\/logo\\\/image\\\/\",\"url\":\"https:\\\/\\\/polaris-education.net\\\/wp-content\\\/uploads\\\/2024\\\/11\\\/Polaris-Education-Gray-Only-Iso-SMALL.png\",\"contentUrl\":\"https:\\\/\\\/polaris-education.net\\\/wp-content\\\/uploads\\\/2024\\\/11\\\/Polaris-Education-Gray-Only-Iso-SMALL.png\",\"width\":200,\"height\":311,\"caption\":\"Polaris Education\"},\"image\":{\"@id\":\"https:\\\/\\\/polaris-education.net\\\/#\\\/schema\\\/logo\\\/image\\\/\"},\"sameAs\":[\"https:\\\/\\\/www.instagram.com\\\/polaris.education\\\/\",\"https:\\\/\\\/www.youtube.com\\\/channel\\\/UCtUfE4kJqANNnk9GqZtslkg\"]}]}<\/script>\n<!-- \/ Yoast SEO plugin. -->","yoast_head_json":{"title":"Producci\u00f3n musical profesional en REAPER | Polaris Education","description":"Aprende REAPER con nuestros cursos de producci\u00f3n musical en l\u00ednea. Programas disponibles  para principiantes, intermedios y avanzados.","robots":{"index":"index","follow":"follow","max-snippet":"max-snippet:-1","max-image-preview":"max-image-preview:large","max-video-preview":"max-video-preview:-1"},"canonical":"https:\/\/polaris-education.net\/es\/producto-2\/curso-reaper-basico-avanzado\/","og_locale":"es_ES","og_type":"article","og_title":"REAPER music production courses, all levels | Polaris Education","og_description":"Learn REAPER with our top-rated online music production courses. Beginner, intermediate and advanced programs available.","og_url":"https:\/\/polaris-education.net\/es\/producto-2\/curso-reaper-basico-avanzado\/","og_site_name":"Polaris Education","article_modified_time":"2024-12-20T20:21:05+00:00","og_image":[{"width":200,"height":200,"url":"https:\/\/polaris-education.net\/wp-content\/uploads\/2024\/02\/training-studio-product-image.jpg","type":"image\/jpeg"}],"twitter_card":"summary_large_image","twitter_misc":{"Tiempo de lectura":"2 minutos"},"schema":{"@context":"https:\/\/schema.org","@graph":[{"@type":"WebPage","@id":"https:\/\/polaris-education.net\/producto\/reaper-course-basic-to-advanced\/","url":"https:\/\/polaris-education.net\/producto\/reaper-course-basic-to-advanced\/","name":"Producci\u00f3n musical profesional en REAPER | Polaris Education","isPartOf":{"@id":"https:\/\/polaris-education.net\/#website"},"primaryImageOfPage":{"@id":"https:\/\/polaris-education.net\/producto\/reaper-course-basic-to-advanced\/#primaryimage"},"image":{"@id":"https:\/\/polaris-education.net\/producto\/reaper-course-basic-to-advanced\/#primaryimage"},"thumbnailUrl":"https:\/\/polaris-education.net\/wp-content\/uploads\/2024\/02\/training-studio-product-image.jpg","datePublished":"2024-04-19T14:30:27+00:00","dateModified":"2024-12-20T20:21:05+00:00","description":"Aprende REAPER con nuestros cursos de producci\u00f3n musical en l\u00ednea. Programas disponibles  para principiantes, intermedios y avanzados.","breadcrumb":{"@id":"https:\/\/polaris-education.net\/producto\/reaper-course-basic-to-advanced\/#breadcrumb"},"inLanguage":"es","potentialAction":[{"@type":"ReadAction","target":["https:\/\/polaris-education.net\/producto\/reaper-course-basic-to-advanced\/"]}]},{"@type":"ImageObject","inLanguage":"es","@id":"https:\/\/polaris-education.net\/producto\/reaper-course-basic-to-advanced\/#primaryimage","url":"https:\/\/polaris-education.net\/wp-content\/uploads\/2024\/02\/training-studio-product-image.jpg","contentUrl":"https:\/\/polaris-education.net\/wp-content\/uploads\/2024\/02\/training-studio-product-image.jpg","width":200,"height":200,"caption":"Electrical equipment for music recording and computer monitor with sound mixing tracks on workplace of deejay or modern musician in studio"},{"@type":"BreadcrumbList","@id":"https:\/\/polaris-education.net\/producto\/reaper-course-basic-to-advanced\/#breadcrumb","itemListElement":[{"@type":"ListItem","position":1,"name":"Home","item":"https:\/\/polaris-education.net\/"},{"@type":"ListItem","position":2,"name":"Tienda","item":"https:\/\/polaris-education.net\/tienda\/"},{"@type":"ListItem","position":3,"name":"Training Studio\u00ae Full Courses: Cockos Reaper\u2122"}]},{"@type":"WebSite","@id":"https:\/\/polaris-education.net\/#website","url":"https:\/\/polaris-education.net\/","name":"Polaris Education","description":"Entrenamiento Moderno en Creaci\u00f3n Musical","publisher":{"@id":"https:\/\/polaris-education.net\/#organization"},"potentialAction":[{"@type":"SearchAction","target":{"@type":"EntryPoint","urlTemplate":"https:\/\/polaris-education.net\/?s={search_term_string}"},"query-input":{"@type":"PropertyValueSpecification","valueRequired":true,"valueName":"search_term_string"}}],"inLanguage":"es"},{"@type":"Organization","@id":"https:\/\/polaris-education.net\/#organization","name":"Polaris Education","url":"https:\/\/polaris-education.net\/","logo":{"@type":"ImageObject","inLanguage":"es","@id":"https:\/\/polaris-education.net\/#\/schema\/logo\/image\/","url":"https:\/\/polaris-education.net\/wp-content\/uploads\/2024\/11\/Polaris-Education-Gray-Only-Iso-SMALL.png","contentUrl":"https:\/\/polaris-education.net\/wp-content\/uploads\/2024\/11\/Polaris-Education-Gray-Only-Iso-SMALL.png","width":200,"height":311,"caption":"Polaris Education"},"image":{"@id":"https:\/\/polaris-education.net\/#\/schema\/logo\/image\/"},"sameAs":["https:\/\/www.instagram.com\/polaris.education\/","https:\/\/www.youtube.com\/channel\/UCtUfE4kJqANNnk9GqZtslkg"]}]}},"_links":{"self":[{"href":"https:\/\/polaris-education.net\/es\/wp-json\/wp\/v2\/product\/2622","targetHints":{"allow":["GET"]}}],"collection":[{"href":"https:\/\/polaris-education.net\/es\/wp-json\/wp\/v2\/product"}],"about":[{"href":"https:\/\/polaris-education.net\/es\/wp-json\/wp\/v2\/types\/product"}],"replies":[{"embeddable":true,"href":"https:\/\/polaris-education.net\/es\/wp-json\/wp\/v2\/comments?post=2622"}],"wp:featuredmedia":[{"embeddable":true,"href":"https:\/\/polaris-education.net\/es\/wp-json\/wp\/v2\/media\/4121"}],"wp:attachment":[{"href":"https:\/\/polaris-education.net\/es\/wp-json\/wp\/v2\/media?parent=2622"}],"wp:term":[{"taxonomy":"product_brand","embeddable":true,"href":"https:\/\/polaris-education.net\/es\/wp-json\/wp\/v2\/product_brand?post=2622"},{"taxonomy":"product_cat","embeddable":true,"href":"https:\/\/polaris-education.net\/es\/wp-json\/wp\/v2\/product_cat?post=2622"},{"taxonomy":"product_tag","embeddable":true,"href":"https:\/\/polaris-education.net\/es\/wp-json\/wp\/v2\/product_tag?post=2622"}],"curies":[{"name":"wp","href":"https:\/\/api.w.org\/{rel}","templated":true}]}}